{"id":1668,"date":"2026-01-06T12:18:37","date_gmt":"2026-01-06T12:18:37","guid":{"rendered":"https:\/\/solta-oliveoil.com\/?page_id=1668"},"modified":"2026-01-06T12:18:37","modified_gmt":"2026-01-06T12:18:37","slug":"delivery","status":"publish","type":"page","link":"https:\/\/solta-oliveoil.com\/hr\/delivery\/","title":{"rendered":"Dostava"},"content":{"rendered":"<div data-elementor-type=\"wp-page\" data-elementor-id=\"1668\" class=\"elementor elementor-1668\" data-elementor-post-type=\"page\">\n\t\t\t\t\t\t<section class=\"elementor-section elementor-top-section elementor-element elementor-element-14321a07 elementor-section-boxed elementor-section-height-default elementor-section-height-default\" data-id=\"14321a07\" data-element_type=\"section\" data-e-type=\"section\" data-settings=\"{&quot;background_background&quot;:&quot;classic&quot;}\">\n\t\t\t\t\t\t\t<div class=\"elementor-background-overlay\"><\/div>\n\t\t\t\t\t\t\t<div class=\"elementor-container elementor-column-gap-default\">\n\t\t\t\t\t<div class=\"elementor-column elementor-col-100 elementor-top-column elementor-element elementor-element-14d4a777\" data-id=\"14d4a777\" data-element_type=\"column\" data-e-type=\"column\" data-settings=\"{&quot;background_background&quot;:&quot;classic&quot;}\">\n\t\t\t<div class=\"elementor-widget-wrap elementor-element-populated\">\n\t\t\t\t\t\t<div class=\"elementor-element elementor-element-47ba86dc elementor-widget elementor-widget-heading\" data-id=\"47ba86dc\" data-element_type=\"widget\" data-e-type=\"widget\" data-widget_type=\"heading.default\">\n\t\t\t\t\t<h1 class=\"elementor-heading-title elementor-size-default\">Dostava\n\n\n\n\n\n<\/h1>\t\t\t\t<\/div>\n\t\t\t\t\t<\/div>\n\t\t<\/div>\n\t\t\t\t\t<\/div>\n\t\t<\/section>\n\t\t\t\t<section class=\"elementor-section elementor-top-section elementor-element elementor-element-28108fff elementor-section-boxed elementor-section-height-default elementor-section-height-default\" data-id=\"28108fff\" data-element_type=\"section\" data-e-type=\"section\">\n\t\t\t\t\t\t<div class=\"elementor-container elementor-column-gap-default\">\n\t\t\t\t\t<div class=\"elementor-column elementor-col-100 elementor-top-column elementor-element elementor-element-7970108a\" data-id=\"7970108a\" data-element_type=\"column\" data-e-type=\"column\">\n\t\t\t<div class=\"elementor-widget-wrap elementor-element-populated\">\n\t\t\t\t\t\t<div class=\"elementor-element elementor-element-1b1e26e6 animated-slow elementor-invisible elementor-widget elementor-widget-text-editor\" data-id=\"1b1e26e6\" data-element_type=\"widget\" data-e-type=\"widget\" data-settings=\"{&quot;_animation&quot;:&quot;fadeIn&quot;,&quot;_animation_delay&quot;:500}\" data-widget_type=\"text-editor.default\">\n\t\t\t\t\t\t\t\t\t<section data-id=\"3d5769fc\" data-element_type=\"section\"><div><div><div data-id=\"ce7ed8e\" data-element_type=\"column\"><div><div><div data-id=\"1dab656\" data-element_type=\"widget\" data-widget_type=\"text-editor.default\"><div><div><h3>Podru\u010dje dostave<\/h3><p>Dostava proizvoda vr\u0161i se u sve zemlje svijeta u koje je dostava tehni\u010dki i logisti\u010dki mogu\u0107a putem dostupnih dostavnih slu\u017ebi<\/p><p>Proizvodi sa za\u0161ti\u0107enom oznakom izvornosti <strong><span style=\"mso-fareast-font-family: 'Times New Roman'; mso-fareast-theme-font: major-fareast;\">\u201e\u0160oltansko maslinovo ulje\u201d<\/span><\/strong> \u0161alju se u skladu s va\u017ee\u0107im propisima Europske unije i zakonodavstvom zemlje uvoza. Kupac je odgovoran za upoznavanje s lokalnim pravilima vezanim uz uvoz prehrambenih proizvoda.<\/p><p>U slu\u010daju ograni\u010denja dostave u odre\u0111ene zemlje, kupac \u0107e o tome biti obavije\u0161ten prilikom narud\u017ebe.<\/p><h3>Na\u010din dostave<\/h3><p>Dostava se obavlja putem me\u0111unarodnih i doma\u0107ih dostavnih slu\u017ebi odabranih u WooCommerce sustavu.<\/p><h3>Tro\u0161kovi dostave<\/h3><p>Tro\u0161kovi dostave<\/p><p style=\"margin-left: 36.0pt; text-indent: -18.0pt; mso-list: l1 level1 lfo1; tab-stops: list 36.0pt;\"><span style=\"font-size: 10.0pt; mso-bidi-font-size: 12.0pt; font-family: Symbol; mso-fareast-font-family: Symbol; mso-bidi-font-family: Symbol;\"><span style=\"mso-list: Ignore;\">\u00b7<span style=\"font: 7.0pt 'Times New Roman';\">\u00a0\u00a0\u00a0\u00a0\u00a0\u00a0\u00a0 <\/span><\/span><\/span>automatski se izra\u010dunava u webshopu<\/p><p style=\"margin-left: 36.0pt; text-indent: -18.0pt; mso-list: l1 level1 lfo1; tab-stops: list 36.0pt;\"><span style=\"font-size: 10.0pt; mso-bidi-font-size: 12.0pt; font-family: Symbol; mso-fareast-font-family: Symbol; mso-bidi-font-family: Symbol;\"><span style=\"mso-list: Ignore;\">\u00b7<span style=\"font: 7.0pt 'Times New Roman';\">\u00a0\u00a0\u00a0\u00a0\u00a0\u00a0\u00a0 <\/span><\/span><\/span>ovisi o zemlji dostave, te\u017eini\/iznosu narud\u017ebe i va\u017ee\u0107em cjeniku dostavne slu\u017ebe<\/p><p style=\"margin-left: 36.0pt; text-indent: -18.0pt; mso-list: l1 level1 lfo1; tab-stops: list 36.0pt;\"><span style=\"font-size: 10.0pt; mso-bidi-font-size: 12.0pt; font-family: Symbol; mso-fareast-font-family: Symbol; mso-bidi-font-family: Symbol;\"><span style=\"mso-list: Ignore;\">\u00b7<span style=\"font: 7.0pt 'Times New Roman';\">\u00a0\u00a0\u00a0\u00a0\u00a0\u00a0\u00a0 <\/span><\/span><\/span>prikazan je prije zavr\u0161etka narud\u017ebe<\/p><p>Udruga ne snosi odgovornost za eventualne dodatne tro\u0161kove carine, poreza ili uvoznih davanja u zemlji primatelja.<\/p><h3>Rok isporuke<\/h3><p>Procijenjeni rok isporuke:<\/p><p style=\"margin-left: 36.0pt; text-indent: -18.0pt; mso-list: l2 level1 lfo2; tab-stops: list 36.0pt;\"><span style=\"font-size: 10.0pt; mso-bidi-font-size: 12.0pt; font-family: Symbol; mso-fareast-font-family: Symbol; mso-bidi-font-family: Symbol;\"><span style=\"mso-list: Ignore;\">\u00b7<span style=\"font: 7.0pt 'Times New Roman';\">\u00a0\u00a0\u00a0\u00a0\u00a0\u00a0\u00a0 <\/span><\/span><\/span>Republika Hrvatska: 3\u20135 radnih dana<\/p><p style=\"margin-left: 36.0pt; text-indent: -18.0pt; mso-list: l2 level1 lfo2; tab-stops: list 36.0pt;\"><span style=\"font-size: 10.0pt; mso-bidi-font-size: 12.0pt; font-family: Symbol; mso-fareast-font-family: Symbol; mso-bidi-font-family: Symbol;\"><span style=\"mso-list: Ignore;\">\u00b7<span style=\"font: 7.0pt 'Times New Roman';\">\u00a0\u00a0\u00a0\u00a0\u00a0\u00a0\u00a0 <\/span><\/span><\/span>Europska unija: 5\u20137 radnih dana<\/p><p style=\"margin-left: 36.0pt; text-indent: -18.0pt; mso-list: l2 level1 lfo2; tab-stops: list 36.0pt;\"><span style=\"font-size: 10.0pt; mso-bidi-font-size: 12.0pt; font-family: Symbol; mso-fareast-font-family: Symbol; mso-bidi-font-family: Symbol;\"><span style=\"mso-list: Ignore;\">\u00b7<span style=\"font: 7.0pt 'Times New Roman';\">\u00a0\u00a0\u00a0\u00a0\u00a0\u00a0\u00a0 <\/span><\/span><\/span>Ostale zemlje: 7\u201312 radnih dana<\/p><p>Rokovi su informativni i mogu varirati ovisno o zemlji dostave, carinskim postupcima i dostavnoj slu\u017ebi.<\/p><h3>Carine i uvozni tro\u0161kovi<\/h3><p>Za narud\u017ebe izvan Europske unije, kupac snosi eventualne tro\u0161kove:<\/p><p style=\"margin-left: 36.0pt; text-indent: -18.0pt; mso-list: l0 level1 lfo3; tab-stops: list 36.0pt;\"><span style=\"font-size: 10.0pt; mso-bidi-font-size: 12.0pt; font-family: Symbol; mso-fareast-font-family: Symbol; mso-bidi-font-family: Symbol;\"><span style=\"mso-list: Ignore;\">\u00b7<span style=\"font: 7.0pt 'Times New Roman';\">\u00a0\u00a0\u00a0\u00a0\u00a0\u00a0\u00a0 <\/span><\/span><\/span>carine<\/p><p style=\"margin-left: 36.0pt; text-indent: -18.0pt; mso-list: l0 level1 lfo3; tab-stops: list 36.0pt;\"><span style=\"font-size: 10.0pt; mso-bidi-font-size: 12.0pt; font-family: Symbol; mso-fareast-font-family: Symbol; mso-bidi-font-family: Symbol;\"><span style=\"mso-list: Ignore;\">\u00b7<span style=\"font: 7.0pt 'Times New Roman';\">\u00a0\u00a0\u00a0\u00a0\u00a0\u00a0\u00a0 <\/span><\/span><\/span>uvoznih poreza<\/p><p style=\"margin-left: 36.0pt; text-indent: -18.0pt; mso-list: l0 level1 lfo3; tab-stops: list 36.0pt;\"><span style=\"font-size: 10.0pt; mso-bidi-font-size: 12.0pt; font-family: Symbol; mso-fareast-font-family: Symbol; mso-bidi-font-family: Symbol;\"><span style=\"mso-list: Ignore;\">\u00b7<span style=\"font: 7.0pt 'Times New Roman';\">\u00a0\u00a0\u00a0\u00a0\u00a0\u00a0\u00a0 <\/span><\/span><\/span>drugih davanja propisanih zakonima zemlje uvoza<\/p><h3>O\u0161te\u0107enja i reklamacije<\/h3><p>Kupac je du\u017ean pregledati po\u0161iljku prilikom preuzimanja.<\/p><p>U slu\u010daju o\u0161te\u0107enja i gubitka sadr\u017eaja, potrebno je odmah obavijestiti dostavnu slu\u017ebu i kontaktirati Udrugu putem e-maila.<\/p><\/div><\/div><\/div><\/div><\/div><\/div><\/div><\/div><\/section>\t\t\t\t\t\t\t\t<\/div>\n\t\t\t\t\t<\/div>\n\t\t<\/div>\n\t\t\t\t\t<\/div>\n\t\t<\/section>\n\t\t\t\t<\/div>","protected":false},"excerpt":{"rendered":"<p>Delivery Delivery Area Products are delivered to all countries worldwide where delivery is technically and logistically possible through available delivery services. Products bearing the protected designation of origin \u201c\u0160olta Olive Oil\u201d are shipped in accordance with applicable European Union regulations and the legislation of the importing country. The customer is responsible for familiarising themselves with [&hellip;]<\/p>\n","protected":false},"author":2,"featured_media":0,"parent":0,"menu_order":0,"comment_status":"closed","ping_status":"closed","template":"","meta":{"footnotes":""},"class_list":["post-1668","page","type-page","status-publish","hentry"],"_links":{"self":[{"href":"https:\/\/solta-oliveoil.com\/hr\/wp-json\/wp\/v2\/pages\/1668","targetHints":{"allow":["GET"]}}],"collection":[{"href":"https:\/\/solta-oliveoil.com\/hr\/wp-json\/wp\/v2\/pages"}],"about":[{"href":"https:\/\/solta-oliveoil.com\/hr\/wp-json\/wp\/v2\/types\/page"}],"author":[{"embeddable":true,"href":"https:\/\/solta-oliveoil.com\/hr\/wp-json\/wp\/v2\/users\/2"}],"replies":[{"embeddable":true,"href":"https:\/\/solta-oliveoil.com\/hr\/wp-json\/wp\/v2\/comments?post=1668"}],"version-history":[{"count":5,"href":"https:\/\/solta-oliveoil.com\/hr\/wp-json\/wp\/v2\/pages\/1668\/revisions"}],"predecessor-version":[{"id":1673,"href":"https:\/\/solta-oliveoil.com\/hr\/wp-json\/wp\/v2\/pages\/1668\/revisions\/1673"}],"wp:attachment":[{"href":"https:\/\/solta-oliveoil.com\/hr\/wp-json\/wp\/v2\/media?parent=1668"}],"curies":[{"name":"wp","href":"https:\/\/api.w.org\/{rel}","templated":true}]}}