{"id":388,"date":"2025-04-30T10:28:31","date_gmt":"2025-04-30T10:28:31","guid":{"rendered":"https:\/\/solta-oliveoil.com\/?page_id=388"},"modified":"2026-01-07T16:37:20","modified_gmt":"2026-01-07T16:37:20","slug":"kontakt","status":"publish","type":"page","link":"https:\/\/solta-oliveoil.com\/hr\/kontakt\/","title":{"rendered":"Kontakt"},"content":{"rendered":"<div data-elementor-type=\"wp-page\" data-elementor-id=\"388\" class=\"elementor elementor-388\" data-elementor-post-type=\"page\">\n\t\t\t\t\t\t<section class=\"elementor-section elementor-top-section elementor-element elementor-element-26bec563 elementor-section-boxed elementor-section-height-default elementor-section-height-default\" data-id=\"26bec563\" data-element_type=\"section\" data-e-type=\"section\" data-settings=\"{&quot;background_background&quot;:&quot;classic&quot;}\">\n\t\t\t\t\t\t\t<div class=\"elementor-background-overlay\"><\/div>\n\t\t\t\t\t\t\t<div class=\"elementor-container elementor-column-gap-default\">\n\t\t\t\t\t<div class=\"elementor-column elementor-col-50 elementor-top-column elementor-element elementor-element-27d38a6f\" data-id=\"27d38a6f\" data-element_type=\"column\" data-e-type=\"column\" data-settings=\"{&quot;background_background&quot;:&quot;classic&quot;}\">\n\t\t\t<div class=\"elementor-widget-wrap\">\n\t\t\t\t\t\t\t<\/div>\n\t\t<\/div>\n\t\t\t\t<div class=\"elementor-column elementor-col-50 elementor-top-column elementor-element elementor-element-719c7a3a\" data-id=\"719c7a3a\" data-element_type=\"column\" data-e-type=\"column\" data-settings=\"{&quot;background_background&quot;:&quot;classic&quot;}\">\n\t\t\t<div class=\"elementor-widget-wrap elementor-element-populated\">\n\t\t\t\t\t\t<div class=\"elementor-element elementor-element-7e3974d6 elementor-widget elementor-widget-heading\" data-id=\"7e3974d6\" data-element_type=\"widget\" data-e-type=\"widget\" data-widget_type=\"heading.default\">\n\t\t\t\t\t<h1 class=\"elementor-heading-title elementor-size-default\">Kontaktirajte nas<\/h1>\t\t\t\t<\/div>\n\t\t\t\t<div class=\"elementor-element elementor-element-5400213f elementor-widget elementor-widget-text-editor\" data-id=\"5400213f\" data-element_type=\"widget\" data-e-type=\"widget\" data-widget_type=\"text-editor.default\">\n\t\t\t\t\t\t\t\t\t<p data-start=\"93\" data-end=\"281\">Imate pitanje, trebate podr\u0161ku ili \u017eelite saznati vi\u0161e o na\u0161em organskom maslinovom ulju? Tu smo za vas. Slobodno nam se obratite, a mi \u0107emo vam odgovoriti u najkra\u0107em mogu\u0107em roku.<\/p>\t\t\t\t\t\t\t\t<\/div>\n\t\t\t\t\t<\/div>\n\t\t<\/div>\n\t\t\t\t\t<\/div>\n\t\t<\/section>\n\t\t\t\t<section class=\"elementor-section elementor-top-section elementor-element elementor-element-1601216b elementor-section-full_width elementor-section-height-default elementor-section-height-default\" data-id=\"1601216b\" data-element_type=\"section\" data-e-type=\"section\" data-settings=\"{&quot;background_background&quot;:&quot;classic&quot;}\">\n\t\t\t\t\t\t\t<div class=\"elementor-background-overlay\"><\/div>\n\t\t\t\t\t\t\t<div class=\"elementor-container elementor-column-gap-no\">\n\t\t\t\t\t<div class=\"elementor-column elementor-col-33 elementor-top-column elementor-element elementor-element-486463ca elementor-hidden-phone\" data-id=\"486463ca\" data-element_type=\"column\" data-e-type=\"column\" data-settings=\"{&quot;background_background&quot;:&quot;classic&quot;}\">\n\t\t\t<div class=\"elementor-widget-wrap\">\n\t\t\t\t\t\t\t<\/div>\n\t\t<\/div>\n\t\t\t\t<div class=\"elementor-column elementor-col-33 elementor-top-column elementor-element elementor-element-4be02c0e\" data-id=\"4be02c0e\" data-element_type=\"column\" data-e-type=\"column\" data-settings=\"{&quot;background_background&quot;:&quot;classic&quot;}\">\n\t\t\t<div class=\"elementor-widget-wrap elementor-element-populated\">\n\t\t\t\t\t\t<div class=\"elementor-element elementor-element-6681b1c8 elementor-widget elementor-widget-heading\" data-id=\"6681b1c8\" data-element_type=\"widget\" data-e-type=\"widget\" data-widget_type=\"heading.default\">\n\t\t\t\t\t<h2 class=\"elementor-heading-title elementor-size-default\">Udruga \"Zlatna \u0160oltanka\"<\/h2>\t\t\t\t<\/div>\n\t\t\t\t<div class=\"elementor-element elementor-element-28f67f7d elementor-widget elementor-widget-text-editor\" data-id=\"28f67f7d\" data-element_type=\"widget\" data-e-type=\"widget\" data-widget_type=\"text-editor.default\">\n\t\t\t\t\t\t\t\t\t<p>Trg Vrtline 2, 21430 Srednje Selo, Hrvatska<\/p>\t\t\t\t\t\t\t\t<\/div>\n\t\t\t\t<div class=\"elementor-element elementor-element-1cc8c47 elementor-align-center elementor-icon-list--layout-traditional elementor-list-item-link-full_width elementor-widget elementor-widget-icon-list\" data-id=\"1cc8c47\" data-element_type=\"widget\" data-e-type=\"widget\" data-widget_type=\"icon-list.default\">\n\t\t\t\t\t\t\t<ul class=\"elementor-icon-list-items\">\n\t\t\t\t\t\t\t<li class=\"elementor-icon-list-item\">\n\t\t\t\t\t\t\t\t\t\t\t<span class=\"elementor-icon-list-icon\">\n\t\t\t\t\t\t\t<svg aria-hidden=\"true\" class=\"e-font-icon-svg e-fas-phone\" viewbox=\"0 0 512 512\" xmlns=\"http:\/\/www.w3.org\/2000\/svg\"><path d=\"M493.4 24.6l-104-24c-11.3-2.6-22.9 3.3-27.5 13.9l-48 112c-4.2 9.8-1.4 21.3 6.9 28l60.6 49.6c-36 76.7-98.9 140.5-177.2 177.2l-49.6-60.6c-6.8-8.3-18.2-11.1-28-6.9l-112 48C3.9 366.5-2 378.1.6 389.4l24 104C27.1 504.2 36.7 512 48 512c256.1 0 464-207.5 464-464 0-11.2-7.7-20.9-18.6-23.4z\"><\/path><\/svg>\t\t\t\t\t\t<\/span>\n\t\t\t\t\t\t\t\t\t\t<span class=\"elementor-icon-list-text\">+385 98 965 9011<\/span>\n\t\t\t\t\t\t\t\t\t<\/li>\n\t\t\t\t\t\t\t\t<li class=\"elementor-icon-list-item\">\n\t\t\t\t\t\t\t\t\t\t\t<span class=\"elementor-icon-list-icon\">\n\t\t\t\t\t\t\t<svg aria-hidden=\"true\" class=\"e-font-icon-svg e-fas-envelope\" viewbox=\"0 0 512 512\" xmlns=\"http:\/\/www.w3.org\/2000\/svg\"><path d=\"M502.3 190.8c3.9-3.1 9.7-.2 9.7 4.7V400c0 26.5-21.5 48-48 48H48c-26.5 0-48-21.5-48-48V195.6c0-5 5.7-7.8 9.7-4.7 22.4 17.4 52.1 39.5 154.1 113.6 21.1 15.4 56.7 47.8 92.2 47.6 35.7.3 72-32.8 92.3-47.6 102-74.1 131.6-96.3 154-113.7zM256 320c23.2.4 56.6-29.2 73.4-41.4 132.7-96.3 142.8-104.7 173.4-128.7 5.8-4.5 9.2-11.5 9.2-18.9v-19c0-26.5-21.5-48-48-48H48C21.5 64 0 85.5 0 112v19c0 7.4 3.4 14.3 9.2 18.9 30.6 23.9 40.7 32.4 173.4 128.7 16.8 12.2 50.2 41.8 73.4 41.4z\"><\/path><\/svg>\t\t\t\t\t\t<\/span>\n\t\t\t\t\t\t\t\t\t\t<span class=\"elementor-icon-list-text\">zlatna.soltanka@gmail.com<\/span>\n\t\t\t\t\t\t\t\t\t<\/li>\n\t\t\t\t\t\t<\/ul>\n\t\t\t\t\t\t<\/div>\n\t\t\t\t\t<\/div>\n\t\t<\/div>\n\t\t\t\t<div class=\"elementor-column elementor-col-33 elementor-top-column elementor-element elementor-element-40bb815\" data-id=\"40bb815\" data-element_type=\"column\" data-e-type=\"column\" data-settings=\"{&quot;background_background&quot;:&quot;classic&quot;}\">\n\t\t\t<div class=\"elementor-widget-wrap\">\n\t\t\t\t\t\t\t<\/div>\n\t\t<\/div>\n\t\t\t\t\t<\/div>\n\t\t<\/section>\n\t\t<div class=\"elementor-element elementor-element-3283f4e e-flex e-con-boxed e-con e-parent\" data-id=\"3283f4e\" data-element_type=\"container\" data-e-type=\"container\">\n\t\t\t\t\t<div class=\"e-con-inner\">\n\t\t\t\t<div class=\"elementor-element elementor-element-7012eda elementor-widget elementor-widget-heading\" data-id=\"7012eda\" data-element_type=\"widget\" data-e-type=\"widget\" data-widget_type=\"heading.default\">\n\t\t\t\t\t<h1 class=\"elementor-heading-title elementor-size-default\">\u201cMora biti ne\u0161to fascinantno u maslinovom ulju s malog kamenitog otoka na Jadranskom moru\u201d.<\/h1>\t\t\t\t<\/div>\n\t\t\t\t<div class=\"elementor-element elementor-element-3982ba0 elementor-widget elementor-widget-image\" data-id=\"3982ba0\" data-element_type=\"widget\" data-e-type=\"widget\" data-widget_type=\"image.default\">\n\t\t\t\t\t\t\t\t\t\t\t\t\t\t\t<img fetchpriority=\"high\" decoding=\"async\" width=\"2048\" height=\"2048\" src=\"https:\/\/solta-oliveoil.com\/wp-content\/uploads\/2025\/06\/Untitled-design-2021-01-16T222544.262-2048x2048-min.png\" class=\"attachment-full size-full wp-image-429\" alt=\"\" srcset=\"https:\/\/solta-oliveoil.com\/wp-content\/uploads\/2025\/06\/Untitled-design-2021-01-16T222544.262-2048x2048-min.png 2048w, https:\/\/solta-oliveoil.com\/wp-content\/uploads\/2025\/06\/Untitled-design-2021-01-16T222544.262-2048x2048-min-300x300.png 300w, https:\/\/solta-oliveoil.com\/wp-content\/uploads\/2025\/06\/Untitled-design-2021-01-16T222544.262-2048x2048-min-1024x1024.png 1024w, https:\/\/solta-oliveoil.com\/wp-content\/uploads\/2025\/06\/Untitled-design-2021-01-16T222544.262-2048x2048-min-150x150.png 150w, https:\/\/solta-oliveoil.com\/wp-content\/uploads\/2025\/06\/Untitled-design-2021-01-16T222544.262-2048x2048-min-768x768.png 768w, https:\/\/solta-oliveoil.com\/wp-content\/uploads\/2025\/06\/Untitled-design-2021-01-16T222544.262-2048x2048-min-1536x1536.png 1536w, https:\/\/solta-oliveoil.com\/wp-content\/uploads\/2025\/06\/Untitled-design-2021-01-16T222544.262-2048x2048-min-600x600.png 600w, https:\/\/solta-oliveoil.com\/wp-content\/uploads\/2025\/06\/Untitled-design-2021-01-16T222544.262-2048x2048-min-100x100.png 100w\" sizes=\"(max-width: 2048px) 100vw, 2048px\" \/>\t\t\t\t\t\t\t\t\t\t\t\t\t\t\t<\/div>\n\t\t\t\t\t<\/div>\n\t\t\t\t<\/div>\n\t\t\t\t<\/div>","protected":false},"excerpt":{"rendered":"<p>Contact Us Have a question, need support, or want to learn more about our organic olive oil? We&#8217;re here to help. Feel free to reach out and we&#8217;ll get back to you as soon as possible. Association &#8220;Zlatna \u0160oltanka&#8221; Trg Vrtline 2, 21430 Srednje Selo, Croatia +385 98 965 9011 zlatna.soltanka@gmail.com \u201cThere must be something [&hellip;]<\/p>\n","protected":false},"author":1,"featured_media":0,"parent":0,"menu_order":0,"comment_status":"closed","ping_status":"closed","template":"elementor_header_footer","meta":{"footnotes":""},"class_list":["post-388","page","type-page","status-publish","hentry"],"_links":{"self":[{"href":"https:\/\/solta-oliveoil.com\/hr\/wp-json\/wp\/v2\/pages\/388","targetHints":{"allow":["GET"]}}],"collection":[{"href":"https:\/\/solta-oliveoil.com\/hr\/wp-json\/wp\/v2\/pages"}],"about":[{"href":"https:\/\/solta-oliveoil.com\/hr\/wp-json\/wp\/v2\/types\/page"}],"author":[{"embeddable":true,"href":"https:\/\/solta-oliveoil.com\/hr\/wp-json\/wp\/v2\/users\/1"}],"replies":[{"embeddable":true,"href":"https:\/\/solta-oliveoil.com\/hr\/wp-json\/wp\/v2\/comments?post=388"}],"version-history":[{"count":47,"href":"https:\/\/solta-oliveoil.com\/hr\/wp-json\/wp\/v2\/pages\/388\/revisions"}],"predecessor-version":[{"id":1739,"href":"https:\/\/solta-oliveoil.com\/hr\/wp-json\/wp\/v2\/pages\/388\/revisions\/1739"}],"wp:attachment":[{"href":"https:\/\/solta-oliveoil.com\/hr\/wp-json\/wp\/v2\/media?parent=388"}],"curies":[{"name":"wp","href":"https:\/\/api.w.org\/{rel}","templated":true}]}}