{"id":465,"date":"2025-06-02T11:00:12","date_gmt":"2025-06-02T11:00:12","guid":{"rendered":"https:\/\/solta-oliveoil.com\/?page_id=465"},"modified":"2025-07-06T14:10:24","modified_gmt":"2025-07-06T14:10:24","slug":"who-produces-soltan-olive-oil","status":"publish","type":"page","link":"https:\/\/solta-oliveoil.com\/hr\/who-produces-soltan-olive-oil\/","title":{"rendered":"WHO PRODUCES \u0160OLTAN OLIVE OIL"},"content":{"rendered":"<div data-elementor-type=\"wp-page\" data-elementor-id=\"465\" class=\"elementor elementor-465\" data-elementor-post-type=\"page\">\n\t\t\t\t\t\t<section class=\"elementor-section elementor-top-section elementor-element elementor-element-214a94df elementor-section-boxed elementor-section-height-default elementor-section-height-default\" data-id=\"214a94df\" data-element_type=\"section\" data-e-type=\"section\" data-settings=\"{&quot;background_background&quot;:&quot;classic&quot;}\">\n\t\t\t\t\t\t\t<div class=\"elementor-background-overlay\"><\/div>\n\t\t\t\t\t\t\t<div class=\"elementor-container elementor-column-gap-default\">\n\t\t\t\t\t<div class=\"elementor-column elementor-col-100 elementor-top-column elementor-element elementor-element-74feac95\" data-id=\"74feac95\" data-element_type=\"column\" data-e-type=\"column\" data-settings=\"{&quot;background_background&quot;:&quot;classic&quot;}\">\n\t\t\t<div class=\"elementor-widget-wrap elementor-element-populated\">\n\t\t\t\t\t\t<div class=\"elementor-element elementor-element-55c4d25f elementor-widget elementor-widget-heading\" data-id=\"55c4d25f\" data-element_type=\"widget\" data-e-type=\"widget\" data-widget_type=\"heading.default\">\n\t\t\t\t\t<h1 class=\"elementor-heading-title elementor-size-default\">Tko proizvodi \u0160oltansko maslinovo ulje?\n\n\n\n\n\n<\/h1>\t\t\t\t<\/div>\n\t\t\t\t\t<\/div>\n\t\t<\/div>\n\t\t\t\t\t<\/div>\n\t\t<\/section>\n\t\t\t\t<section class=\"elementor-section elementor-top-section elementor-element elementor-element-34a528f7 elementor-section-boxed elementor-section-height-default elementor-section-height-default\" data-id=\"34a528f7\" data-element_type=\"section\" data-e-type=\"section\">\n\t\t\t\t\t\t<div class=\"elementor-container elementor-column-gap-default\">\n\t\t\t\t\t<div class=\"elementor-column elementor-col-100 elementor-top-column elementor-element elementor-element-49a884ce\" data-id=\"49a884ce\" data-element_type=\"column\" data-e-type=\"column\">\n\t\t\t<div class=\"elementor-widget-wrap elementor-element-populated\">\n\t\t\t\t\t\t<div class=\"elementor-element elementor-element-42de357b animated-slow elementor-invisible elementor-widget elementor-widget-text-editor\" data-id=\"42de357b\" data-element_type=\"widget\" data-e-type=\"widget\" data-settings=\"{&quot;_animation&quot;:&quot;fadeIn&quot;,&quot;_animation_delay&quot;:500}\" data-widget_type=\"text-editor.default\">\n\t\t\t\t\t\t\t\t\t<section class=\"elementor-section elementor-top-section elementor-element elementor-element-3d5769fc elementor-section-content-middle elementor-section-boxed elementor-section-height-default elementor-section-height-default\" data-id=\"3d5769fc\" data-element_type=\"section\"><div class=\"elementor-container elementor-column-gap-no\"><div class=\"elementor-row\"><div class=\"elementor-column elementor-col-100 elementor-top-column elementor-element elementor-element-ce7ed8e\" data-id=\"ce7ed8e\" data-element_type=\"column\"><div class=\"elementor-column-wrap elementor-element-populated\"><div class=\"elementor-widget-wrap\"><div class=\"elementor-element elementor-element-1dab656 elementor-widget elementor-widget-text-editor\" data-id=\"1dab656\" data-element_type=\"widget\" data-widget_type=\"text-editor.default\"><div class=\"elementor-widget-container\"><div class=\"elementor-text-editor elementor-clearfix\"><p>Samo mala grupa \u0161oltanskih maslinara ispunjava sve uvjete za proizvodnju \u0160oltanskog maslinovog ulja certificirane ekolo\u0161ke proizvodnje i sa za\u0161ti\u0107enom oznakom izvornosti.<br \/><br \/><strong>Anka i Zlatko Buri\u0107<\/strong>, najstariji \u0161oltanski ekolo\u0161ki maslinari, koji obra\u0111uju 150 stabala \u0160oltanke i 100 stabala Oblice, oboje umirovljenici i provode svaku slobodnu minutu u lijepom masliniku sa pogledom na susjedni Vis i Hvar, ona odgojiteljica i profesionalna kuharica, a on in\u017eenjer gra\u0111evine. \u017delja im je da im unuk jednog dana do\u0111e \u017eivit na \u201enajlip\u0161i otok na svitu\u201c.<br \/><br \/>OPG Zlatko i Anka Buri\u0107<br \/>21430 MASLINICA, Dom. Rata 77<br \/>Mob. 098 9659 011<br \/><br \/>Najve\u0107i \u0161oltanski proizvo\u0111a\u010d maslinovog ulja, <strong>Filip Marinkovi\u0107<\/strong>in\u017eenjer pomorskog prometa, sa 300 stabala \u0160oltanke, i 200 Oblice koja je zasadio i obra\u0111ivao zajedno sa materom Dragicom i ocem Marinom, vrsnim maslinarima koji su cijeli svoj \u017eivot proveli sa maslinama. Cilj mu je imat 1.000 stabala i usavr\u0161it se u profesionalnog ocjenjiva\u010da maslinovih ulja.<br \/><br \/>OPG Filip Marinkovi\u0107<br \/>21432 GORNJE SELO, Put Rakove 1,<br \/>Mob. 098 919 5311\u00a0<br \/><br \/><strong>Alen Jakup\u010devi\u0107<\/strong> sa 240 stabala u ekolo\u0161koj proizvodnji od 2011. Uhvatio se maslina prije 15 godina kad se zaljubio i o\u017eenio na \u0160olti, ali tada u pravom smislu: polo\u017eio je ispit za maslinara, vinogradara i vinara. \u017divjeti od poljoprivrede i turizma je njegov ideal i dobro rje\u0161enje za \u017eivot na otoku \u0160olti.<br \/><br \/>OPG Alen Jakup\u010devi\u0107<br \/>21432 GORNJE SELO, Put Kri\u017eica 17<br \/>Mob. 099 2124 029<br \/><br \/><strong>Bernardin Pero\u0161<\/strong>, biv\u0161i sveu\u010dili\u0161ni profesor, dekan fakulteta i prorektor Sveu\u010dili\u0161ta u Splitu, danas profesor emeritus, uz svoje zanimanje uvijek se na obiteljskom gospodarstvu bavio i maslinarstvom. U zadnjoj je godini prelaza na ekolo\u0161ku proizvodnju. Danas dr\u017ei 140 stabala \u0160oltanke i 80 starih Oblica. Svoje profesionalne ambicije prenio je i na maslinarstvo sa ciljem da i tu ostavi trag.<br \/><br \/>OPG Bernardin Pero\u0161<br \/>21432 GORNJE SELO, Kalebi\u0107eva 47,<br \/>Mob. 098 989 7555<br \/><br \/><strong>Nikola Ceci\u0107 Karuzi\u0107<\/strong>, na\u010delnik Op\u0107ine \u0160olta ve\u0107 tre\u0107i mandat, ina\u010de in\u017eenjer strojarstva, proveo svoj radni vijek na rukovode\u0107im polo\u017eajima u metalnoj industriji. Obitelj se bavi maslinarstvom od pamtivjeka, on i supruga Marinka dr\u017ee 200 stabala \u0160oltanke. U zadnjoj je godini prelaza na ekolo\u0161ku proizvodnju. Cilj je da mu se sin, a i \u0161to vi\u0161e drugih mladih \u0160oltana uklju\u010di u proizvodnju ekolo\u0161kog ekstra djevi\u010danskog ulja premium kvalitete.<br \/><br \/>OPG Nikola Ceci\u0107 Karuzi\u0107<br \/>21430 GROHOTE, Put brda 25<br \/>Tel. 021 659-238<br \/>Mob. 091 6532 102<\/p><\/div><p>\u201eNa\u0161a maslinova ulja potje\u010du s relativno malog, ali klimatski i geolo\u0161ki slo\u017eenog i raznolikog podru\u010dja otoka \u0160olte. Sada imate priliku biti kreativni i u\u017eivati u ovim uljima u stotinama kombinacija s vrhunskim jelima\u201c, re\u010deno je na promociji u Splitu. Zlatko Buri\u0107, \u010dlan agilne maslinarske udruge \u201eZlatna \u0160oltanka\u201c, koja je 2016. godine ishodila europsku za\u0161titu izvornosti za \u0161oltansko maslinovo ulje, isti\u010de: \u201eJedni od najstarijih definiranih ciljeva udruge 'Zlatna \u0160oltanka' su afirmacija Dalmacije kao vrhunske maslinarske regije, unaprje\u0111enje proizvodnje i podizanje kvalitete dalmatinskih maslinovih ulja. Tra\u017eili smo i prona\u0161li istomi\u0161ljenike \u2013 entuzijasti\u010dne, ambiciozne i marljive dalmatinske maslinare i stru\u010dnjake koji su ve\u0107 na svoj na\u010din radili na istom cilju, s kojima smo razvili brend i usavr\u0161ili proizvodnju.\u201c<\/p><\/div><\/div><\/div><\/div><\/div><\/div><\/div><\/section>\t\t\t\t\t\t\t\t<\/div>\n\t\t\t\t<div class=\"elementor-element elementor-element-b5603a3 elementor-widget elementor-widget-image\" data-id=\"b5603a3\" data-element_type=\"widget\" data-e-type=\"widget\" data-widget_type=\"image.default\">\n\t\t\t\t\t\t\t\t\t\t\t\t\t\t\t<img fetchpriority=\"high\" decoding=\"async\" width=\"800\" height=\"477\" src=\"https:\/\/solta-oliveoil.com\/wp-content\/uploads\/2025\/06\/soltani-min-1024x610.jpg\" class=\"attachment-large size-large wp-image-483\" alt=\"\" srcset=\"https:\/\/solta-oliveoil.com\/wp-content\/uploads\/2025\/06\/soltani-min-1024x610.jpg 1024w, https:\/\/solta-oliveoil.com\/wp-content\/uploads\/2025\/06\/soltani-min-300x179.jpg 300w, https:\/\/solta-oliveoil.com\/wp-content\/uploads\/2025\/06\/soltani-min-768x458.jpg 768w, https:\/\/solta-oliveoil.com\/wp-content\/uploads\/2025\/06\/soltani-min-1536x915.jpg 1536w, https:\/\/solta-oliveoil.com\/wp-content\/uploads\/2025\/06\/soltani-min-2048x1221.jpg 2048w, https:\/\/solta-oliveoil.com\/wp-content\/uploads\/2025\/06\/soltani-min-600x358.jpg 600w\" sizes=\"(max-width: 800px) 100vw, 800px\" \/>\t\t\t\t\t\t\t\t\t\t\t\t\t\t\t<\/div>\n\t\t\t\t\t<\/div>\n\t\t<\/div>\n\t\t\t\t\t<\/div>\n\t\t<\/section>\n\t\t\t\t<section class=\"elementor-section elementor-top-section elementor-element elementor-element-223c0945 elementor-section-boxed elementor-section-height-default elementor-section-height-default\" data-id=\"223c0945\" data-element_type=\"section\" data-e-type=\"section\" data-settings=\"{&quot;background_background&quot;:&quot;classic&quot;}\">\n\t\t\t\t\t\t\t<div class=\"elementor-background-overlay\"><\/div>\n\t\t\t\t\t\t\t<div class=\"elementor-container elementor-column-gap-default\">\n\t\t\t\t\t<div class=\"elementor-column elementor-col-50 elementor-top-column elementor-element elementor-element-55632f43\" data-id=\"55632f43\" data-element_type=\"column\" data-e-type=\"column\" data-settings=\"{&quot;background_background&quot;:&quot;classic&quot;}\">\n\t\t\t<div class=\"elementor-widget-wrap elementor-element-populated\">\n\t\t\t\t\t\t<div class=\"elementor-element elementor-element-ed9a4ba elementor-widget elementor-widget-heading\" data-id=\"ed9a4ba\" data-element_type=\"widget\" data-e-type=\"widget\" data-widget_type=\"heading.default\">\n\t\t\t\t\t<h1 class=\"elementor-heading-title elementor-size-default\">Maslinovo ulje - funkcionalna hrana?\n<\/h1>\t\t\t\t<\/div>\n\t\t\t\t<div class=\"elementor-element elementor-element-46591a6 elementor-widget elementor-widget-text-editor\" data-id=\"46591a6\" data-element_type=\"widget\" data-e-type=\"widget\" data-widget_type=\"text-editor.default\">\n\t\t\t\t\t\t\t\t\t<p class=\"\" data-start=\"128\" data-end=\"422\">U projektu ARISTOIL koji bi trebao doprinijeti ja\u010danju konkurentnosti maslinovih ulja s Mediterana s obzirom na njihovu ljekovitost, sudjelovale su \u0160panjolska, Italija, Gr\u010dka, Cipar i Hrvatska. Primarna je ideja projekta Aristoil bila da se analiziraju ulja iz 5 mediteranskih zemalja po pitanju udjela fenola i sastava fenola jer se fenoli smatraju glavnim komponentama maslinovog ulja koje pridonose zdravstvenom aspektu. Europska je unija jo\u0161 2012. godine, na temelju niza znanstvena istra\u017eivanja, taj zdravstveni aspekt prepoznala i priznala po pitanju prevencije bolesti krvo\u017eilnog sustava. Tada je odredila minimalnu koncentraciju fenola od 250 miligrama po kilogramu ulja. Rezultati ovog projekta pokazali su pak da hrvatska ulja imaju izuzetno visoki potencijal po tom pitanju, \u010dak smo i me\u0111u svim zemljama partnerima imali najve\u0107i postotak ulja koja su zadovoljavala tu legislativu, rekla je koordinatorica projekta prof. dr. sc. Tea Bilu\u0161i\u0107 s Kemijsko-tehnolo\u0161kog fakulteta Sveu\u010dili\u0161ta u Splitu. \u010cak 97 posto hrvatskih ulja ima pove\u0107ani udio fenola s prosje\u010dnim udjelom od 655 miligrama po kilogramu, od minimalnih 250 koliko propisuje EU. \u0160panjolska ima 95 posto ulja koja zadovoljavaju taj uvjet, a manji im je i prosje\u010dan udio fenola \u2013 521 mg\/kg. Gr\u010dka ulja su na 70-ak posto, ciparska na 60 posto, a talijanska na 55 posto, pritom im je i prosje\u010dni udio fenola bitno ni\u017ei. Tijekom tri godine, od 2016. do 2018., ispitano je 4.000 uzoraka da bi se vidio udio fenola i njihovi sastavi. Bilu\u0161i\u0107 poja\u0161njava da su fenoli velika skupina spojeva, neki od njih karakteristi\u010dni samo za masline. Jedna od najzanimljivijih je oleokantal, zaslu\u017ean za pikantnost ulja, a rije\u010d je o protuupalnom spoju koji se smatra izrazito vrijednim za kroni\u010dne bolesti.\u00a0<\/p>\t\t\t\t\t\t\t\t<\/div>\n\t\t\t\t\t<\/div>\n\t\t<\/div>\n\t\t\t\t<div class=\"elementor-column elementor-col-50 elementor-top-column elementor-element elementor-element-36580beb\" data-id=\"36580beb\" data-element_type=\"column\" data-e-type=\"column\" data-settings=\"{&quot;background_background&quot;:&quot;classic&quot;}\">\n\t\t\t<div class=\"elementor-widget-wrap elementor-element-populated\">\n\t\t\t\t\t\t<div class=\"elementor-element elementor-element-0f2c569 elementor-widget elementor-widget-image\" data-id=\"0f2c569\" data-element_type=\"widget\" data-e-type=\"widget\" data-widget_type=\"image.default\">\n\t\t\t\t\t\t\t\t\t\t\t\t\t\t\t<img decoding=\"async\" width=\"768\" height=\"1024\" src=\"https:\/\/solta-oliveoil.com\/wp-content\/uploads\/2025\/06\/Untitled-design-2021-01-18T203107.940-768x1024.png\" class=\"attachment-large size-large wp-image-503\" alt=\"\" srcset=\"https:\/\/solta-oliveoil.com\/wp-content\/uploads\/2025\/06\/Untitled-design-2021-01-18T203107.940-768x1024.png 768w, https:\/\/solta-oliveoil.com\/wp-content\/uploads\/2025\/06\/Untitled-design-2021-01-18T203107.940-225x300.png 225w, https:\/\/solta-oliveoil.com\/wp-content\/uploads\/2025\/06\/Untitled-design-2021-01-18T203107.940-600x800.png 600w, https:\/\/solta-oliveoil.com\/wp-content\/uploads\/2025\/06\/Untitled-design-2021-01-18T203107.940.png 810w\" sizes=\"(max-width: 768px) 100vw, 768px\" \/>\t\t\t\t\t\t\t\t\t\t\t\t\t\t\t<\/div>\n\t\t\t\t\t<\/div>\n\t\t<\/div>\n\t\t\t\t\t<\/div>\n\t\t<\/section>\n\t\t\t\t<section class=\"elementor-section elementor-top-section elementor-element elementor-element-450b93e elementor-section-boxed elementor-section-height-default elementor-section-height-default\" data-id=\"450b93e\" data-element_type=\"section\" data-e-type=\"section\" data-settings=\"{&quot;background_background&quot;:&quot;classic&quot;}\">\n\t\t\t\t\t\t\t<div class=\"elementor-background-overlay\"><\/div>\n\t\t\t\t\t\t\t<div class=\"elementor-container elementor-column-gap-default\">\n\t\t\t\t\t<div class=\"elementor-column elementor-col-100 elementor-top-column elementor-element elementor-element-744cff1\" data-id=\"744cff1\" data-element_type=\"column\" data-e-type=\"column\" data-settings=\"{&quot;background_background&quot;:&quot;classic&quot;}\">\n\t\t\t<div class=\"elementor-widget-wrap elementor-element-populated\">\n\t\t\t\t\t\t<div class=\"elementor-element elementor-element-c80671f elementor-widget elementor-widget-text-editor\" data-id=\"c80671f\" data-element_type=\"widget\" data-e-type=\"widget\" data-widget_type=\"text-editor.default\">\n\t\t\t\t\t\t\t\t\t<p data-start=\"47\" data-end=\"1094\" class=\"translation-block\">Da, EU je priznala maslinovom ulju blagotvornost po pitanju krvo\u017eilnog sustava, ali poznato je, rekla je Bilu\u0161i\u0107, da fenoli utje\u010du i na dijabetes, reumatoidne i neurodegerativne bolesti, karcinome, procese starenja, bolesti jetre, epigenetske promjene i sli\u010dno. Maslinovo ulje je funkcionalna hrana i mi smo \u017eeljeli vidjeti da je do\u0161lo vrijeme da takav proizvod i ozna\u010dimo, ne samo kao prehrambeni ve\u0107 i zdravstveno vrijedan proizvod. To bi mogao biti put maslinarima, izme\u0111u farmaceutske i prehrambene industrije, da i na taj na\u010din plasiraju proizvod koji \u0107e imati ve\u0107u tr\u017ei\u0161nu vrijednost, rekla je Bilu\u0161i\u0107. Prednost na\u0161ih ulja je \u0161to se ulje u pravilu prera\u0111uje isti dan, a \u0161to je te\u0161ko posti\u0107i, rekla je, ako se radi o intenzivnoj proizvodnji. Rezultati analiza pokazali su da je \u0160oltansko maslinovo ulje po koli\u010dini fenola na samom vrhu liste svih zemalja u\u010desnica. Prosje\u010dne vrijednosti preko 1.400 mg po kg ulja, a jedno ulje sadr\u017ei \u010dak nevjerovatnih 1.900 mg!<\/p>\t\t\t\t\t\t\t\t<\/div>\n\t\t\t\t\t<\/div>\n\t\t<\/div>\n\t\t\t\t\t<\/div>\n\t\t<\/section>\n\t\t<div class=\"elementor-element elementor-element-520193ca e-flex e-con-boxed e-con e-parent\" data-id=\"520193ca\" data-element_type=\"container\" data-e-type=\"container\">\n\t\t\t\t\t<div class=\"e-con-inner\">\n\t\t\t\t<div class=\"elementor-element elementor-element-dbf594b elementor-absolute e-transform elementor-hidden-tablet elementor-hidden-mobile elementor-widget elementor-widget-image\" data-id=\"dbf594b\" data-element_type=\"widget\" data-e-type=\"widget\" data-settings=\"{&quot;_position&quot;:&quot;absolute&quot;,&quot;_transform_rotateZ_effect&quot;:{&quot;unit&quot;:&quot;px&quot;,&quot;size&quot;:237,&quot;sizes&quot;:[]},&quot;_transform_rotateZ_effect_tablet&quot;:{&quot;unit&quot;:&quot;deg&quot;,&quot;size&quot;:&quot;&quot;,&quot;sizes&quot;:[]},&quot;_transform_rotateZ_effect_mobile&quot;:{&quot;unit&quot;:&quot;deg&quot;,&quot;size&quot;:&quot;&quot;,&quot;sizes&quot;:[]}}\" data-widget_type=\"image.default\">\n\t\t\t\t\t\t\t\t\t\t\t\t\t\t\t<img decoding=\"async\" width=\"311\" height=\"286\" src=\"https:\/\/solta-oliveoil.com\/wp-content\/uploads\/2025\/04\/Nov-projekt-1.png\" class=\"attachment-large size-large wp-image-294\" alt=\"\" srcset=\"https:\/\/solta-oliveoil.com\/wp-content\/uploads\/2025\/04\/Nov-projekt-1.png 311w, https:\/\/solta-oliveoil.com\/wp-content\/uploads\/2025\/04\/Nov-projekt-1-300x276.png 300w\" sizes=\"(max-width: 311px) 100vw, 311px\" \/>\t\t\t\t\t\t\t\t\t\t\t\t\t\t\t<\/div>\n\t\t\t\t<div class=\"elementor-element elementor-element-37b796f elementor-absolute e-transform elementor-hidden-tablet elementor-hidden-mobile elementor-widget elementor-widget-image\" data-id=\"37b796f\" data-element_type=\"widget\" data-e-type=\"widget\" data-settings=\"{&quot;_position&quot;:&quot;absolute&quot;,&quot;_transform_rotateZ_effect&quot;:{&quot;unit&quot;:&quot;px&quot;,&quot;size&quot;:-50,&quot;sizes&quot;:[]},&quot;_transform_rotateZ_effect_tablet&quot;:{&quot;unit&quot;:&quot;deg&quot;,&quot;size&quot;:&quot;&quot;,&quot;sizes&quot;:[]},&quot;_transform_rotateZ_effect_mobile&quot;:{&quot;unit&quot;:&quot;deg&quot;,&quot;size&quot;:&quot;&quot;,&quot;sizes&quot;:[]}}\" data-widget_type=\"image.default\">\n\t\t\t\t\t\t\t\t\t\t\t\t\t\t\t<img decoding=\"async\" width=\"311\" height=\"286\" src=\"https:\/\/solta-oliveoil.com\/wp-content\/uploads\/2025\/04\/Nov-projekt-1.png\" class=\"attachment-large size-large wp-image-294\" alt=\"\" srcset=\"https:\/\/solta-oliveoil.com\/wp-content\/uploads\/2025\/04\/Nov-projekt-1.png 311w, https:\/\/solta-oliveoil.com\/wp-content\/uploads\/2025\/04\/Nov-projekt-1-300x276.png 300w\" sizes=\"(max-width: 311px) 100vw, 311px\" \/>\t\t\t\t\t\t\t\t\t\t\t\t\t\t\t<\/div>\n\t\t\t\t<div class=\"elementor-element elementor-element-5371dbba elementor-widget elementor-widget-heading\" data-id=\"5371dbba\" data-element_type=\"widget\" data-e-type=\"widget\" data-widget_type=\"heading.default\">\n\t\t\t\t\t<h1 class=\"elementor-heading-title elementor-size-default\">\u017delite isprobati jedno od najboljih maslinovih ulja na svijetu?<\/h1>\t\t\t\t<\/div>\n\t\t\t\t<div class=\"elementor-element elementor-element-d5fa8f4 elementor-widget elementor-widget-heading\" data-id=\"d5fa8f4\" data-element_type=\"widget\" data-e-type=\"widget\" data-widget_type=\"heading.default\">\n\t\t\t\t\t<h1 class=\"elementor-heading-title elementor-size-default\">Posjetite na\u0161 webshop i naru\u010dite jedno od na\u0161ih vrhunskih maslinovih ulja na ku\u0107nu adresu.<\/h1>\t\t\t\t<\/div>\n\t\t\t\t<div class=\"elementor-element elementor-element-070c97f elementor-align-center elementor-widget elementor-widget-button\" data-id=\"070c97f\" data-element_type=\"widget\" data-e-type=\"widget\" data-widget_type=\"button.default\">\n\t\t\t\t\t\t\t\t\t\t<a class=\"elementor-button elementor-button-link elementor-size-sm\" href=\"\/hr\/shop\/\">\n\t\t\t\t\t\t<span class=\"elementor-button-content-wrapper\">\n\t\t\t\t\t\t\t\t\t<span class=\"elementor-button-text\">WEBSHOP<\/span>\n\t\t\t\t\t<\/span>\n\t\t\t\t\t<\/a>\n\t\t\t\t\t\t\t\t<\/div>\n\t\t\t\t<div class=\"elementor-element elementor-element-61e28a21 elementor-widget elementor-widget-image\" data-id=\"61e28a21\" data-element_type=\"widget\" data-e-type=\"widget\" data-widget_type=\"image.default\">\n\t\t\t\t\t\t\t\t\t\t\t\t\t\t\t<img loading=\"lazy\" decoding=\"async\" width=\"2048\" height=\"2048\" src=\"https:\/\/solta-oliveoil.com\/wp-content\/uploads\/2025\/06\/Untitled-design-2021-01-16T222544.262-2048x2048-min.png\" class=\"attachment-full size-full wp-image-429\" alt=\"\" srcset=\"https:\/\/solta-oliveoil.com\/wp-content\/uploads\/2025\/06\/Untitled-design-2021-01-16T222544.262-2048x2048-min.png 2048w, https:\/\/solta-oliveoil.com\/wp-content\/uploads\/2025\/06\/Untitled-design-2021-01-16T222544.262-2048x2048-min-300x300.png 300w, https:\/\/solta-oliveoil.com\/wp-content\/uploads\/2025\/06\/Untitled-design-2021-01-16T222544.262-2048x2048-min-1024x1024.png 1024w, https:\/\/solta-oliveoil.com\/wp-content\/uploads\/2025\/06\/Untitled-design-2021-01-16T222544.262-2048x2048-min-150x150.png 150w, https:\/\/solta-oliveoil.com\/wp-content\/uploads\/2025\/06\/Untitled-design-2021-01-16T222544.262-2048x2048-min-768x768.png 768w, https:\/\/solta-oliveoil.com\/wp-content\/uploads\/2025\/06\/Untitled-design-2021-01-16T222544.262-2048x2048-min-1536x1536.png 1536w, https:\/\/solta-oliveoil.com\/wp-content\/uploads\/2025\/06\/Untitled-design-2021-01-16T222544.262-2048x2048-min-600x600.png 600w, https:\/\/solta-oliveoil.com\/wp-content\/uploads\/2025\/06\/Untitled-design-2021-01-16T222544.262-2048x2048-min-100x100.png 100w\" sizes=\"(max-width: 2048px) 100vw, 2048px\" \/>\t\t\t\t\t\t\t\t\t\t\t\t\t\t\t<\/div>\n\t\t\t\t\t<\/div>\n\t\t\t\t<\/div>\n\t\t\t\t<\/div>","protected":false},"excerpt":{"rendered":"<p>Who produces \u0160oltan olive oil? Only a small group of \u0160olta olive growers meet all the requirements for the production of \u0160olta olive oil with certified organic production and a protected designation of origin. Anka and Zlatko Buri\u0107, the oldest \u0160olta organic olive growers, who cultivate 150 \u0160oltanka trees and 100 Oblica trees, are both [&hellip;]<\/p>\n","protected":false},"author":1,"featured_media":0,"parent":0,"menu_order":0,"comment_status":"closed","ping_status":"closed","template":"elementor_header_footer","meta":{"footnotes":""},"class_list":["post-465","page","type-page","status-publish","hentry"],"_links":{"self":[{"href":"https:\/\/solta-oliveoil.com\/hr\/wp-json\/wp\/v2\/pages\/465","targetHints":{"allow":["GET"]}}],"collection":[{"href":"https:\/\/solta-oliveoil.com\/hr\/wp-json\/wp\/v2\/pages"}],"about":[{"href":"https:\/\/solta-oliveoil.com\/hr\/wp-json\/wp\/v2\/types\/page"}],"author":[{"embeddable":true,"href":"https:\/\/solta-oliveoil.com\/hr\/wp-json\/wp\/v2\/users\/1"}],"replies":[{"embeddable":true,"href":"https:\/\/solta-oliveoil.com\/hr\/wp-json\/wp\/v2\/comments?post=465"}],"version-history":[{"count":82,"href":"https:\/\/solta-oliveoil.com\/hr\/wp-json\/wp\/v2\/pages\/465\/revisions"}],"predecessor-version":[{"id":1210,"href":"https:\/\/solta-oliveoil.com\/hr\/wp-json\/wp\/v2\/pages\/465\/revisions\/1210"}],"wp:attachment":[{"href":"https:\/\/solta-oliveoil.com\/hr\/wp-json\/wp\/v2\/media?parent=465"}],"curies":[{"name":"wp","href":"https:\/\/api.w.org\/{rel}","templated":true}]}}