{"id":560,"date":"2025-06-02T16:28:46","date_gmt":"2025-06-02T16:28:46","guid":{"rendered":"https:\/\/solta-oliveoil.com\/?page_id=560"},"modified":"2025-07-06T14:15:29","modified_gmt":"2025-07-06T14:15:29","slug":"about-the-association-zlatna-soltanka","status":"publish","type":"page","link":"https:\/\/solta-oliveoil.com\/hr\/about-the-association-zlatna-soltanka\/","title":{"rendered":"O udruzi \"Zlatna \u0160oltanka\""},"content":{"rendered":"<div data-elementor-type=\"wp-page\" data-elementor-id=\"560\" class=\"elementor elementor-560\" data-elementor-post-type=\"page\">\n\t\t\t\t<div class=\"elementor-element elementor-element-128417bd e-flex e-con-boxed e-con e-parent\" data-id=\"128417bd\" data-element_type=\"container\" data-e-type=\"container\">\n\t\t\t\t\t<div class=\"e-con-inner\">\n\t\t\t\t<div class=\"elementor-element elementor-element-59dd1764 elementor-widget elementor-widget-text-editor\" data-id=\"59dd1764\" data-element_type=\"widget\" data-e-type=\"widget\" data-widget_type=\"text-editor.default\">\n\t\t\t\t\t\t\t\t\t\n<h5 class=\"wp-block-heading\"><\/h5>\n\n\n\n<p><\/p>\n\t\t\t\t\t\t\t\t<\/div>\n\t\t\t\t\t<\/div>\n\t\t\t\t<\/div>\n\t\t\t\t<section class=\"elementor-section elementor-top-section elementor-element elementor-element-509dd8c1 elementor-section-boxed elementor-section-height-default elementor-section-height-default\" data-id=\"509dd8c1\" data-element_type=\"section\" data-e-type=\"section\" data-settings=\"{&quot;background_background&quot;:&quot;classic&quot;}\">\n\t\t\t\t\t\t\t<div class=\"elementor-background-overlay\"><\/div>\n\t\t\t\t\t\t\t<div class=\"elementor-container elementor-column-gap-default\">\n\t\t\t\t\t<div class=\"elementor-column elementor-col-100 elementor-top-column elementor-element elementor-element-c90e74e\" data-id=\"c90e74e\" data-element_type=\"column\" data-e-type=\"column\" data-settings=\"{&quot;background_background&quot;:&quot;classic&quot;}\">\n\t\t\t<div class=\"elementor-widget-wrap elementor-element-populated\">\n\t\t\t\t\t\t<div class=\"elementor-element elementor-element-da026a8 elementor-widget elementor-widget-heading\" data-id=\"da026a8\" data-element_type=\"widget\" data-e-type=\"widget\" data-widget_type=\"heading.default\">\n\t\t\t\t\t<h1 class=\"elementor-heading-title elementor-size-default\">O udruzi \"Zlatna \u0160oltanka\"\n\n\n\n<\/h1>\t\t\t\t<\/div>\n\t\t\t\t\t<\/div>\n\t\t<\/div>\n\t\t\t\t\t<\/div>\n\t\t<\/section>\n\t\t\t\t<section class=\"elementor-section elementor-top-section elementor-element elementor-element-37c0bd5a elementor-section-boxed elementor-section-height-default elementor-section-height-default\" data-id=\"37c0bd5a\" data-element_type=\"section\" data-e-type=\"section\">\n\t\t\t\t\t\t<div class=\"elementor-container elementor-column-gap-default\">\n\t\t\t\t\t<div class=\"elementor-column elementor-col-100 elementor-top-column elementor-element elementor-element-7f2bcd1c\" data-id=\"7f2bcd1c\" data-element_type=\"column\" data-e-type=\"column\">\n\t\t\t<div class=\"elementor-widget-wrap elementor-element-populated\">\n\t\t\t\t\t\t<div class=\"elementor-element elementor-element-b5530fd animated-slow elementor-invisible elementor-widget elementor-widget-text-editor\" data-id=\"b5530fd\" data-element_type=\"widget\" data-e-type=\"widget\" data-settings=\"{&quot;_animation&quot;:&quot;fadeIn&quot;,&quot;_animation_delay&quot;:500}\" data-widget_type=\"text-editor.default\">\n\t\t\t\t\t\t\t\t\t<section class=\"elementor-section elementor-top-section elementor-element elementor-element-3d5769fc elementor-section-content-middle elementor-section-boxed elementor-section-height-default elementor-section-height-default\" data-id=\"3d5769fc\" data-element_type=\"section\">\n<div class=\"elementor-container elementor-column-gap-no\">\n<div class=\"elementor-row\">\n<div class=\"elementor-column elementor-col-100 elementor-top-column elementor-element elementor-element-ce7ed8e\" data-id=\"ce7ed8e\" data-element_type=\"column\">\n<div class=\"elementor-column-wrap elementor-element-populated\">\n<div class=\"elementor-widget-wrap\">\n<div class=\"elementor-element elementor-element-1dab656 elementor-widget elementor-widget-text-editor\" data-id=\"1dab656\" data-element_type=\"widget\" data-widget_type=\"text-editor.default\">\n<div class=\"elementor-widget-container\">\n<div class=\"elementor-text-editor elementor-clearfix\">\n<section class=\"elementor-section elementor-top-section elementor-element elementor-element-9df6d26 elementor-section-boxed elementor-section-height-default elementor-section-height-default\" data-id=\"9df6d26\" data-element_type=\"section\">\n<div class=\"elementor-container elementor-column-gap-default\">\n<div class=\"elementor-row\">\n<div class=\"elementor-column elementor-col-100 elementor-top-column elementor-element elementor-element-08d93c8\" data-id=\"08d93c8\" data-element_type=\"column\">\n<div class=\"elementor-column-wrap elementor-element-populated\">\n<div class=\"elementor-widget-wrap\">\n<div class=\"elementor-element elementor-element-1e8c851 elementor-widget elementor-widget-text-editor\" data-id=\"1e8c851\" data-element_type=\"widget\" data-widget_type=\"text-editor.default\">\n<div class=\"elementor-widget-container\">\n<div class=\"elementor-text-editor elementor-clearfix\">\n<p><b>Koji su ciljevi udruge?<\/b><\/p>\n<p>\u0160oltanski maslinari su redom mala obiteljska gospodarstva koja pojedina\u010dno nemaju dovoljne koli\u010dine maslinovog ulja ni financijske mogu\u0107nosti za ozbiljniji nastup na tr\u017ei\u0161tu. Udru\u017eeni to imamo. Udruga radi na tome da \u0161to ve\u0107i broj maslinara na \u0160olti krene u ekolo\u0161ku proizvodnju i proizvodnju maslinovog ulja najve\u0107e mogu\u0107e kvalitete. Udruga \u0107e direktno i indirektno u\u010destvovati u plasmanu na tr\u017ei\u0161te samo super premium maslinovih ulja. Upravo u Olive Oil times smo doznali o naporima grupe stru\u010dnjaka i maslinara koji su osnovali International Association 3 E (the 3 E\u2019s are Ethics, Excellence and Economics) i rade na afirmaciji kategorije Super-premium. Super premium maslinovo ulje jedna je klasa iznad ekstra djevi\u010danskog maslinovog ulja (beyond extra virgin). Vi\u0161e o tome na linku:\u00a0<a href=\"https:\/\/www.oliveoiltimes.com\/olive-oil-business\/beyond-extra-virgin-olive-oil-conference-verona\/4489\">https:\/\/www.oliveoiltimes.com\/olive-oil-business\/beyond-extra-virgin-olive-oil-conference-verona\/4489<\/a><\/p>\n<p>Kao i \u010dlanovi Udruge 3 E smatramo da je kategorija \u201eekstra djevi\u010dansko\u201c iskomprimitirana i bezobrazno zloupotrebljavana. Masline na \u0160olti rastu na kamenim proplancima sa malo plodne zemlje, upotreba mehanizacije je nemogu\u0107a, sve se radi sa malim ru\u010dnim alatima. Jedino tako je svako na\u0161e stablo jedna \u201eli\u010dnost\u201c, maslinar razgovara s njim i zna to\u010dno kad mu treba pomo\u0107 i \u0161to mu nedostaje. Isto je i kod berbe: Svaki plod pro\u0111e vi\u0161e puta kroz ruku; kod skidanja sa stabla, kod skupljanja u korpe, kod \u010di\u0161\u0107enja suhog li\u0161\u0107a i gran\u010dica. O\u0161te\u0107eni ili pokvareni plodovi se odmah odstranjuju, ostaju samo zdravi, so\u010dni plodovi. Ulje dobiveno od takvih plodova nema nikakve sli\u010dnosti sa uljima koja se prodaju u trgova\u010dkim lancima i ne mogu se prodavati pod istim imenom. Pre malo potro\u0161a\u010da na\u017ealost zna za razliku i tro\u0161i jeftino ulje iz super marketa. Zato \u0107emo se povezati sa drugim regijama u Hrvatskoj, a onda i drugim Udrugama i proizvo\u0111a\u010dima na svijetu  i zajedno se zalagati za uvo\u0111enje kategorije  iznad ekstra virgin \u2013 Super premium klase.<\/p>\n<p>For this reason we are making an effort to connect with other regions in Croatia, and then with other Associations and manufacturers worldwide and together we will strive to introduce the category above extra virgin \u2013 Super premium class.<\/p>\n<p><b>Odakle \u201cdrskost\u201d \u0161oltanima da se takmi\u010de na najve\u0107em turniru na svijetu?<\/b><\/p>\n<p>To je bio na\u0161 prvi nastup na jednom takmi\u010denju izvan Hrvatske<strong>.<\/strong><b>New York Competition<\/b>\u00a0je pri\u010da koja je po\u010dela dosta ranije.  Treba znati da su \u0160oltanski maslinari oduvjek tvrdili da je njihovo ulje najbolje na svijetu.<\/p>\n<p>Mlada studentica Mia Jurjevi\u0107 sa korjenima sa maj\u010dine strane na \u0160olti studirala je kemiju u New Yorku i stanovala kao podstanar kod gospo\u0111e Denise Caracappa, stru\u010dnjaka za marketing hrane (Master\u2019s Degree in Food Marketing). Mia je jednom prilikom poklonila gospo\u0111i Denise bocu \u0161oltanskog maslinovog ulja. Denise je bila tako odu\u0161evljena ovim otkri\u0107em da nije prestala ponavljati da je to najbolje ulje koje je ikad ku\u0161ala: \u201eOvo ulje \u017eelim nuditi Amerikancima\u201c. Od prvog takmi\u010denja maslinovih ulja u NY redovito nas je nagovarala da po\u0161aljemo \u0161oltansko ulje na NY competition. Ove godine nakon ulaza \u0160oltanskog maslinovog ulja u EU registar proizvoda za\u0161ti\u0107enih oznakom izvornosti, taj nam se korak u\u010dinio logi\u010dnim. I gospo\u0111a Denise je imala pravo: pokazalo se da podru\u010dje malog otoka \u0160olte ima ogroman potencjal za proizvodnju najboljih maslinovih ulja na svijetu. U SAD, Makedoniji, Velikoj Britaniji, Austriji i Njema\u010dkoj \u0160oltansko maslinovo ulje je uvelike tra\u017eena roba.<\/p>\n<\/div>\n<\/div>\n<\/div>\n<\/div>\n<\/div>\n<\/div>\n<\/div>\n<\/div>\n<\/section>\n<\/div>\n<\/div>\n<\/div>\n<\/div>\n<\/div>\n<\/div>\n<\/div>\n<\/div>\n<\/section>\t\t\t\t\t\t\t\t<\/div>\n\t\t\t\t<div class=\"elementor-element elementor-element-35a2221d elementor-widget elementor-widget-image\" data-id=\"35a2221d\" data-element_type=\"widget\" data-e-type=\"widget\" data-widget_type=\"image.default\">\n\t\t\t\t\t\t\t\t\t\t\t\t\t\t\t<img fetchpriority=\"high\" decoding=\"async\" width=\"800\" height=\"474\" src=\"https:\/\/solta-oliveoil.com\/wp-content\/uploads\/2025\/06\/2019-ekipa-Zlatna-Soltanka-1-1024x607.jpg\" class=\"attachment-large size-large wp-image-589\" alt=\"\" srcset=\"https:\/\/solta-oliveoil.com\/wp-content\/uploads\/2025\/06\/2019-ekipa-Zlatna-Soltanka-1-1024x607.jpg 1024w, https:\/\/solta-oliveoil.com\/wp-content\/uploads\/2025\/06\/2019-ekipa-Zlatna-Soltanka-1-300x178.jpg 300w, https:\/\/solta-oliveoil.com\/wp-content\/uploads\/2025\/06\/2019-ekipa-Zlatna-Soltanka-1-768x456.jpg 768w, https:\/\/solta-oliveoil.com\/wp-content\/uploads\/2025\/06\/2019-ekipa-Zlatna-Soltanka-1-600x356.jpg 600w, https:\/\/solta-oliveoil.com\/wp-content\/uploads\/2025\/06\/2019-ekipa-Zlatna-Soltanka-1.jpg 1180w\" sizes=\"(max-width: 800px) 100vw, 800px\" \/>\t\t\t\t\t\t\t\t\t\t\t\t\t\t\t<\/div>\n\t\t\t\t\t<\/div>\n\t\t<\/div>\n\t\t\t\t\t<\/div>\n\t\t<\/section>\n\t\t\t\t<section class=\"elementor-section elementor-top-section elementor-element elementor-element-170696ec elementor-section-boxed elementor-section-height-default elementor-section-height-default\" data-id=\"170696ec\" data-element_type=\"section\" data-e-type=\"section\" data-settings=\"{&quot;background_background&quot;:&quot;classic&quot;}\">\n\t\t\t\t\t\t\t<div class=\"elementor-background-overlay\"><\/div>\n\t\t\t\t\t\t\t<div class=\"elementor-container elementor-column-gap-default\">\n\t\t\t\t\t<div class=\"elementor-column elementor-col-25 elementor-top-column elementor-element elementor-element-482309ff\" data-id=\"482309ff\" data-element_type=\"column\" data-e-type=\"column\" data-settings=\"{&quot;background_background&quot;:&quot;classic&quot;}\">\n\t\t\t<div class=\"elementor-widget-wrap elementor-element-populated\">\n\t\t\t\t\t\t<div class=\"elementor-element elementor-element-dab11d8 elementor-widget elementor-widget-counter\" data-id=\"dab11d8\" data-element_type=\"widget\" data-e-type=\"widget\" data-widget_type=\"counter.default\">\n\t\t\t\t\t\t\t<div class=\"elementor-counter\">\n\t\t\t<div class=\"elementor-counter-title\">godina osnivanja<\/div>\t\t\t<div class=\"elementor-counter-number-wrapper\">\n\t\t\t\t<span class=\"elementor-counter-number-prefix\"><\/span>\n\t\t\t\t<span class=\"elementor-counter-number\" data-duration=\"1000\" data-to-value=\"2011\" data-from-value=\"2000\">2000<\/span>\n\t\t\t\t<span class=\"elementor-counter-number-suffix\"><\/span>\n\t\t\t<\/div>\n\t\t<\/div>\n\t\t\t\t\t\t<\/div>\n\t\t\t\t\t<\/div>\n\t\t<\/div>\n\t\t\t\t<div class=\"elementor-column elementor-col-25 elementor-top-column elementor-element elementor-element-0ebfc5a\" data-id=\"0ebfc5a\" data-element_type=\"column\" data-e-type=\"column\" data-settings=\"{&quot;background_background&quot;:&quot;classic&quot;}\">\n\t\t\t<div class=\"elementor-widget-wrap elementor-element-populated\">\n\t\t\t\t\t\t<div class=\"elementor-element elementor-element-483f9c8 elementor-widget elementor-widget-counter\" data-id=\"483f9c8\" data-element_type=\"widget\" data-e-type=\"widget\" data-widget_type=\"counter.default\">\n\t\t\t\t\t\t\t<div class=\"elementor-counter\">\n\t\t\t<div class=\"elementor-counter-title\">broj \u010dlanova<\/div>\t\t\t<div class=\"elementor-counter-number-wrapper\">\n\t\t\t\t<span class=\"elementor-counter-number-prefix\"><\/span>\n\t\t\t\t<span class=\"elementor-counter-number\" data-duration=\"1000\" data-to-value=\"20\" data-from-value=\"10\">10<\/span>\n\t\t\t\t<span class=\"elementor-counter-number-suffix\"><\/span>\n\t\t\t<\/div>\n\t\t<\/div>\n\t\t\t\t\t\t<\/div>\n\t\t\t\t\t<\/div>\n\t\t<\/div>\n\t\t\t\t<div class=\"elementor-column elementor-col-25 elementor-top-column elementor-element elementor-element-a4606f0\" data-id=\"a4606f0\" data-element_type=\"column\" data-e-type=\"column\" data-settings=\"{&quot;background_background&quot;:&quot;classic&quot;}\">\n\t\t\t<div class=\"elementor-widget-wrap elementor-element-populated\">\n\t\t\t\t\t\t<div class=\"elementor-element elementor-element-7f466ee elementor-widget elementor-widget-counter\" data-id=\"7f466ee\" data-element_type=\"widget\" data-e-type=\"widget\" data-widget_type=\"counter.default\">\n\t\t\t\t\t\t\t<div class=\"elementor-counter\">\n\t\t\t<div class=\"elementor-counter-title\"> me\u0111unarodne nagrade<\/div>\t\t\t<div class=\"elementor-counter-number-wrapper\">\n\t\t\t\t<span class=\"elementor-counter-number-prefix\"><\/span>\n\t\t\t\t<span class=\"elementor-counter-number\" data-duration=\"1000\" data-to-value=\"15\" data-from-value=\"10\">10<\/span>\n\t\t\t\t<span class=\"elementor-counter-number-suffix\"><\/span>\n\t\t\t<\/div>\n\t\t<\/div>\n\t\t\t\t\t\t<\/div>\n\t\t\t\t\t<\/div>\n\t\t<\/div>\n\t\t\t\t<div class=\"elementor-column elementor-col-25 elementor-top-column elementor-element elementor-element-1d8d711\" data-id=\"1d8d711\" data-element_type=\"column\" data-e-type=\"column\" data-settings=\"{&quot;background_background&quot;:&quot;classic&quot;}\">\n\t\t\t<div class=\"elementor-widget-wrap elementor-element-populated\">\n\t\t\t\t\t\t<div class=\"elementor-element elementor-element-6d35cd3 elementor-widget elementor-widget-counter\" data-id=\"6d35cd3\" data-element_type=\"widget\" data-e-type=\"widget\" data-widget_type=\"counter.default\">\n\t\t\t\t\t\t\t<div class=\"elementor-counter\">\n\t\t\t<div class=\"elementor-counter-title\"> me\u0111unarodne nagrade<\/div>\t\t\t<div class=\"elementor-counter-number-wrapper\">\n\t\t\t\t<span class=\"elementor-counter-number-prefix\">+<\/span>\n\t\t\t\t<span class=\"elementor-counter-number\" data-duration=\"1000\" data-to-value=\"3000\" data-from-value=\"2000\">2000<\/span>\n\t\t\t\t<span class=\"elementor-counter-number-suffix\"><\/span>\n\t\t\t<\/div>\n\t\t<\/div>\n\t\t\t\t\t\t<\/div>\n\t\t\t\t\t<\/div>\n\t\t<\/div>\n\t\t\t\t\t<\/div>\n\t\t<\/section>\n\t\t<div class=\"elementor-element elementor-element-367c3b9f e-flex e-con-boxed e-con e-parent\" data-id=\"367c3b9f\" data-element_type=\"container\" data-e-type=\"container\">\n\t\t\t\t\t<div class=\"e-con-inner\">\n\t\t\t\t<div class=\"elementor-element elementor-element-7db29bec elementor-absolute e-transform elementor-hidden-tablet elementor-hidden-mobile elementor-widget elementor-widget-image\" data-id=\"7db29bec\" data-element_type=\"widget\" data-e-type=\"widget\" data-settings=\"{&quot;_position&quot;:&quot;absolute&quot;,&quot;_transform_rotateZ_effect&quot;:{&quot;unit&quot;:&quot;px&quot;,&quot;size&quot;:237,&quot;sizes&quot;:[]},&quot;_transform_rotateZ_effect_tablet&quot;:{&quot;unit&quot;:&quot;deg&quot;,&quot;size&quot;:&quot;&quot;,&quot;sizes&quot;:[]},&quot;_transform_rotateZ_effect_mobile&quot;:{&quot;unit&quot;:&quot;deg&quot;,&quot;size&quot;:&quot;&quot;,&quot;sizes&quot;:[]}}\" data-widget_type=\"image.default\">\n\t\t\t\t\t\t\t\t\t\t\t\t\t\t\t<img decoding=\"async\" width=\"311\" height=\"286\" src=\"https:\/\/solta-oliveoil.com\/wp-content\/uploads\/2025\/04\/Nov-projekt-1.png\" class=\"attachment-large size-large wp-image-294\" alt=\"\" srcset=\"https:\/\/solta-oliveoil.com\/wp-content\/uploads\/2025\/04\/Nov-projekt-1.png 311w, https:\/\/solta-oliveoil.com\/wp-content\/uploads\/2025\/04\/Nov-projekt-1-300x276.png 300w\" sizes=\"(max-width: 311px) 100vw, 311px\" \/>\t\t\t\t\t\t\t\t\t\t\t\t\t\t\t<\/div>\n\t\t\t\t<div class=\"elementor-element elementor-element-6eee07f8 elementor-absolute e-transform elementor-hidden-tablet elementor-hidden-mobile elementor-widget elementor-widget-image\" data-id=\"6eee07f8\" data-element_type=\"widget\" data-e-type=\"widget\" data-settings=\"{&quot;_position&quot;:&quot;absolute&quot;,&quot;_transform_rotateZ_effect&quot;:{&quot;unit&quot;:&quot;px&quot;,&quot;size&quot;:-50,&quot;sizes&quot;:[]},&quot;_transform_rotateZ_effect_tablet&quot;:{&quot;unit&quot;:&quot;deg&quot;,&quot;size&quot;:&quot;&quot;,&quot;sizes&quot;:[]},&quot;_transform_rotateZ_effect_mobile&quot;:{&quot;unit&quot;:&quot;deg&quot;,&quot;size&quot;:&quot;&quot;,&quot;sizes&quot;:[]}}\" data-widget_type=\"image.default\">\n\t\t\t\t\t\t\t\t\t\t\t\t\t\t\t<img decoding=\"async\" width=\"311\" height=\"286\" src=\"https:\/\/solta-oliveoil.com\/wp-content\/uploads\/2025\/04\/Nov-projekt-1.png\" class=\"attachment-large size-large wp-image-294\" alt=\"\" srcset=\"https:\/\/solta-oliveoil.com\/wp-content\/uploads\/2025\/04\/Nov-projekt-1.png 311w, https:\/\/solta-oliveoil.com\/wp-content\/uploads\/2025\/04\/Nov-projekt-1-300x276.png 300w\" sizes=\"(max-width: 311px) 100vw, 311px\" \/>\t\t\t\t\t\t\t\t\t\t\t\t\t\t\t<\/div>\n\t\t\t\t<div class=\"elementor-element elementor-element-36cae1f1 elementor-widget elementor-widget-heading\" data-id=\"36cae1f1\" data-element_type=\"widget\" data-e-type=\"widget\" data-widget_type=\"heading.default\">\n\t\t\t\t\t<h1 class=\"elementor-heading-title elementor-size-default\">\u017delite isprobati jedno od najboljih maslinovih ulja na svijetu?<\/h1>\t\t\t\t<\/div>\n\t\t\t\t<div class=\"elementor-element elementor-element-fdf6826 elementor-widget elementor-widget-heading\" data-id=\"fdf6826\" data-element_type=\"widget\" data-e-type=\"widget\" data-widget_type=\"heading.default\">\n\t\t\t\t\t<h1 class=\"elementor-heading-title elementor-size-default\">Posjetite na\u0161 webshop i naru\u010dite jedno od na\u0161ih vrhunskih maslinovih ulja na ku\u0107nu adresu.<\/h1>\t\t\t\t<\/div>\n\t\t\t\t<div class=\"elementor-element elementor-element-11c47b18 elementor-align-center elementor-widget elementor-widget-button\" data-id=\"11c47b18\" data-element_type=\"widget\" data-e-type=\"widget\" data-widget_type=\"button.default\">\n\t\t\t\t\t\t\t\t\t\t<a class=\"elementor-button elementor-button-link elementor-size-sm\" href=\"\/hr\/shop\/\">\n\t\t\t\t\t\t<span class=\"elementor-button-content-wrapper\">\n\t\t\t\t\t\t\t\t\t<span class=\"elementor-button-text\">WEBSHOP<\/span>\n\t\t\t\t\t<\/span>\n\t\t\t\t\t<\/a>\n\t\t\t\t\t\t\t\t<\/div>\n\t\t\t\t<div class=\"elementor-element elementor-element-225ed668 elementor-widget elementor-widget-image\" data-id=\"225ed668\" data-element_type=\"widget\" data-e-type=\"widget\" data-widget_type=\"image.default\">\n\t\t\t\t\t\t\t\t\t\t\t\t\t\t\t<img decoding=\"async\" width=\"2048\" height=\"2048\" src=\"https:\/\/solta-oliveoil.com\/wp-content\/uploads\/2025\/06\/Untitled-design-2021-01-16T222544.262-2048x2048-min.png\" class=\"attachment-full size-full wp-image-429\" alt=\"\" srcset=\"https:\/\/solta-oliveoil.com\/wp-content\/uploads\/2025\/06\/Untitled-design-2021-01-16T222544.262-2048x2048-min.png 2048w, https:\/\/solta-oliveoil.com\/wp-content\/uploads\/2025\/06\/Untitled-design-2021-01-16T222544.262-2048x2048-min-300x300.png 300w, https:\/\/solta-oliveoil.com\/wp-content\/uploads\/2025\/06\/Untitled-design-2021-01-16T222544.262-2048x2048-min-1024x1024.png 1024w, https:\/\/solta-oliveoil.com\/wp-content\/uploads\/2025\/06\/Untitled-design-2021-01-16T222544.262-2048x2048-min-150x150.png 150w, https:\/\/solta-oliveoil.com\/wp-content\/uploads\/2025\/06\/Untitled-design-2021-01-16T222544.262-2048x2048-min-768x768.png 768w, https:\/\/solta-oliveoil.com\/wp-content\/uploads\/2025\/06\/Untitled-design-2021-01-16T222544.262-2048x2048-min-1536x1536.png 1536w, https:\/\/solta-oliveoil.com\/wp-content\/uploads\/2025\/06\/Untitled-design-2021-01-16T222544.262-2048x2048-min-600x600.png 600w, https:\/\/solta-oliveoil.com\/wp-content\/uploads\/2025\/06\/Untitled-design-2021-01-16T222544.262-2048x2048-min-100x100.png 100w\" sizes=\"(max-width: 2048px) 100vw, 2048px\" \/>\t\t\t\t\t\t\t\t\t\t\t\t\t\t\t<\/div>\n\t\t\t\t\t<\/div>\n\t\t\t\t<\/div>\n\t\t\t\t<\/div>","protected":false},"excerpt":{"rendered":"<p>About the association \u201cZlatna \u0160oltanka\u201d WHAT ARE THE GOALS OF THE ASSOCIATION? The \u0160oltan olive growers have small family farms which individually do not produce sufficient quantities of olive oil and they do not have financial resources for a more serious market appearance. However, united we can meet the market\u2019s demand. The Association is focusing\u00a0 [&hellip;]<\/p>\n","protected":false},"author":1,"featured_media":0,"parent":0,"menu_order":0,"comment_status":"closed","ping_status":"closed","template":"elementor_header_footer","meta":{"footnotes":""},"class_list":["post-560","page","type-page","status-publish","hentry"],"_links":{"self":[{"href":"https:\/\/solta-oliveoil.com\/hr\/wp-json\/wp\/v2\/pages\/560","targetHints":{"allow":["GET"]}}],"collection":[{"href":"https:\/\/solta-oliveoil.com\/hr\/wp-json\/wp\/v2\/pages"}],"about":[{"href":"https:\/\/solta-oliveoil.com\/hr\/wp-json\/wp\/v2\/types\/page"}],"author":[{"embeddable":true,"href":"https:\/\/solta-oliveoil.com\/hr\/wp-json\/wp\/v2\/users\/1"}],"replies":[{"embeddable":true,"href":"https:\/\/solta-oliveoil.com\/hr\/wp-json\/wp\/v2\/comments?post=560"}],"version-history":[{"count":22,"href":"https:\/\/solta-oliveoil.com\/hr\/wp-json\/wp\/v2\/pages\/560\/revisions"}],"predecessor-version":[{"id":1216,"href":"https:\/\/solta-oliveoil.com\/hr\/wp-json\/wp\/v2\/pages\/560\/revisions\/1216"}],"wp:attachment":[{"href":"https:\/\/solta-oliveoil.com\/hr\/wp-json\/wp\/v2\/media?parent=560"}],"curies":[{"name":"wp","href":"https:\/\/api.w.org\/{rel}","templated":true}]}}