{"id":653,"date":"2025-06-16T06:22:16","date_gmt":"2025-06-16T06:22:16","guid":{"rendered":"https:\/\/solta-oliveoil.com\/?page_id=653"},"modified":"2026-03-17T16:59:35","modified_gmt":"2026-03-17T16:59:35","slug":"guarantee-of-excellence","status":"publish","type":"page","link":"https:\/\/solta-oliveoil.com\/hr\/guarantee-of-excellence\/","title":{"rendered":"Garancija izvrsnosti"},"content":{"rendered":"<div data-elementor-type=\"wp-page\" data-elementor-id=\"653\" class=\"elementor elementor-653\" data-elementor-post-type=\"page\">\n\t\t\t\t\t\t<section class=\"elementor-section elementor-top-section elementor-element elementor-element-b4cec0d elementor-section-boxed elementor-section-height-default elementor-section-height-default\" data-id=\"b4cec0d\" data-element_type=\"section\" data-e-type=\"section\" data-settings=\"{&quot;background_background&quot;:&quot;classic&quot;}\">\n\t\t\t\t\t\t\t<div class=\"elementor-background-overlay\"><\/div>\n\t\t\t\t\t\t\t<div class=\"elementor-container elementor-column-gap-default\">\n\t\t\t\t\t<div class=\"elementor-column elementor-col-100 elementor-top-column elementor-element elementor-element-437a2550\" data-id=\"437a2550\" data-element_type=\"column\" data-e-type=\"column\" data-settings=\"{&quot;background_background&quot;:&quot;classic&quot;}\">\n\t\t\t<div class=\"elementor-widget-wrap elementor-element-populated\">\n\t\t\t\t\t\t<div class=\"elementor-element elementor-element-4366807f elementor-widget elementor-widget-heading\" data-id=\"4366807f\" data-element_type=\"widget\" data-e-type=\"widget\" data-widget_type=\"heading.default\">\n\t\t\t\t\t<h1 class=\"elementor-heading-title elementor-size-default\">Garancija izvrsnosti<\/h1>\t\t\t\t<\/div>\n\t\t\t\t\t<\/div>\n\t\t<\/div>\n\t\t\t\t\t<\/div>\n\t\t<\/section>\n\t\t\t\t<section class=\"elementor-section elementor-top-section elementor-element elementor-element-516d0ecb elementor-section-boxed elementor-section-height-default elementor-section-height-default\" data-id=\"516d0ecb\" data-element_type=\"section\" data-e-type=\"section\">\n\t\t\t\t\t\t<div class=\"elementor-container elementor-column-gap-default\">\n\t\t\t\t\t<div class=\"elementor-column elementor-col-100 elementor-top-column elementor-element elementor-element-42bad3c1\" data-id=\"42bad3c1\" data-element_type=\"column\" data-e-type=\"column\">\n\t\t\t<div class=\"elementor-widget-wrap elementor-element-populated\">\n\t\t\t\t\t\t<div class=\"elementor-element elementor-element-6007cd0a animated-slow elementor-widget__width-inherit elementor-invisible elementor-widget elementor-widget-text-editor\" data-id=\"6007cd0a\" data-element_type=\"widget\" data-e-type=\"widget\" data-settings=\"{&quot;_animation&quot;:&quot;fadeIn&quot;,&quot;_animation_delay&quot;:500}\" data-widget_type=\"text-editor.default\">\n\t\t\t\t\t\t\t\t\t<section class=\"elementor-section elementor-top-section elementor-element elementor-element-3d5769fc elementor-section-content-middle elementor-section-boxed elementor-section-height-default elementor-section-height-default\" data-id=\"3d5769fc\" data-element_type=\"section\"><div class=\"elementor-container elementor-column-gap-no\"><div class=\"elementor-row\"><div class=\"elementor-column elementor-col-100 elementor-top-column elementor-element elementor-element-ce7ed8e\" data-id=\"ce7ed8e\" data-element_type=\"column\"><div class=\"elementor-column-wrap elementor-element-populated\"><div class=\"elementor-widget-wrap\"><div class=\"elementor-element elementor-element-1dab656 elementor-widget elementor-widget-text-editor\" data-id=\"1dab656\" data-element_type=\"widget\" data-widget_type=\"text-editor.default\"><div class=\"elementor-widget-container\"><div class=\"elementor-text-editor elementor-clearfix\"><p data-start=\"0\" data-end=\"335\">\u0160oltansko maslinovo ulje nema nikakovih aditiva, za\u010dina ili ulja iz drugih plodova, ono je \u010disti sok iz ploda masline. Njegovu proizvodnju kontrolira akreditirana kontrolna stanica Biotechnicon iz Splita ve\u0107 u masliniku, nadzire proizvodnju u uljari, spremanje u spremnike u skladi\u0161tu i na koncu punjenje u boce i ozna\u010davanje.<\/p><p data-start=\"337\" data-end=\"799\" data-is-last-node=\"\" data-is-only-node=\"\">\u0160oltansko maslinovo ulje za\u0161ti\u0107eno je oznakom izvornosti na razini Europske Unije (Protected designation of Origin PDO). Kontrolne slu\u017ebe EU Komisije, uz hrvatske inspekcije, nadziru, proizvodnju, skladi\u0161tenje i koli\u010dine proizvedenog maslinovog ulja, a dodatno nadziru i ekolo\u0161ku proizvodnju. Predsjedni\u0161tvo i tijela Udruge ula\u017eu velike napore da svaki od proizvo\u0111a\u010da da sve od sebe, kako bi na\u0161 zajedni\u010dki proizvod uvjek bio najbolje kvalitete.<\/p><p>Maslinova ulja \u010dlanova Zlatne \u0160oltanke ispunila su stroge KRITERIJE za ULTRA VIRGIN klasu, i nose oznaku OLEUM PRIMUM DALMATICUM.<\/p><p>\u0160to je to ULTRA VIRGIN, \u0161to maslinovo ulje mora ispuniti da bi se uvrstilo u ULTRA VIRGIN klasu i moglo ozna\u010diti za\u0161ti\u0107enom oznakom:<\/p><\/div><\/div><\/div><\/div><\/div><\/div><\/div><\/div><\/section>\t\t\t\t\t\t\t\t<\/div>\n\t\t<div class=\"elementor-element elementor-element-eb97f47 e-grid e-con-boxed e-con e-parent\" data-id=\"eb97f47\" data-element_type=\"container\" data-e-type=\"container\">\n\t\t\t\t\t<div class=\"e-con-inner\">\n\t\t\t\t<div class=\"elementor-element elementor-element-19aa6a9 elementor-widget elementor-widget-image\" data-id=\"19aa6a9\" data-element_type=\"widget\" data-e-type=\"widget\" data-widget_type=\"image.default\">\n\t\t\t\t\t\t\t\t\t\t\t\t\t\t\t<img fetchpriority=\"high\" decoding=\"async\" width=\"237\" height=\"300\" src=\"https:\/\/solta-oliveoil.com\/wp-content\/uploads\/2026\/03\/LOGO-bez-godine-237x300.jpg\" class=\"attachment-medium size-medium wp-image-1804\" alt=\"\" srcset=\"https:\/\/solta-oliveoil.com\/wp-content\/uploads\/2026\/03\/LOGO-bez-godine-237x300.jpg 237w, https:\/\/solta-oliveoil.com\/wp-content\/uploads\/2026\/03\/LOGO-bez-godine-808x1024.jpg 808w, https:\/\/solta-oliveoil.com\/wp-content\/uploads\/2026\/03\/LOGO-bez-godine-768x973.jpg 768w, https:\/\/solta-oliveoil.com\/wp-content\/uploads\/2026\/03\/LOGO-bez-godine-9x12.jpg 9w, https:\/\/solta-oliveoil.com\/wp-content\/uploads\/2026\/03\/LOGO-bez-godine-600x760.jpg 600w, https:\/\/solta-oliveoil.com\/wp-content\/uploads\/2026\/03\/LOGO-bez-godine.jpg 851w\" sizes=\"(max-width: 237px) 100vw, 237px\" \/>\t\t\t\t\t\t\t\t\t\t\t\t\t\t\t<\/div>\n\t\t\t\t<div class=\"elementor-element elementor-element-b91e528 elementor-widget elementor-widget-text-editor\" data-id=\"b91e528\" data-element_type=\"widget\" data-e-type=\"widget\" data-widget_type=\"text-editor.default\">\n\t\t\t\t\t\t\t\t\t<p>Federation of Olive Growers\u2019 Associations<\/p><p><strong>OLEUM PRIMUM DALMATICUM ULTRA VIRGIN \u00ae<\/strong><\/p>\t\t\t\t\t\t\t\t<\/div>\n\t\t\t\t\t<\/div>\n\t\t\t\t<\/div>\n\t\t\t\t<div class=\"elementor-element elementor-element-e27a3c8 elementor-widget__width-inherit elementor-widget elementor-widget-text-editor\" data-id=\"e27a3c8\" data-element_type=\"widget\" data-e-type=\"widget\" data-widget_type=\"text-editor.default\">\n\t\t\t\t\t\t\t\t\t<section class=\"elementor-section elementor-top-section elementor-element elementor-element-3d5769fc elementor-section-content-middle elementor-section-boxed elementor-section-height-default elementor-section-height-default\" data-id=\"3d5769fc\" data-element_type=\"section\"><div class=\"elementor-container elementor-column-gap-no\"><div class=\"elementor-row\"><div class=\"elementor-column elementor-col-100 elementor-top-column elementor-element elementor-element-ce7ed8e\" data-id=\"ce7ed8e\" data-element_type=\"column\"><div class=\"elementor-column-wrap elementor-element-populated\"><div class=\"elementor-widget-wrap\"><div class=\"elementor-element elementor-element-1dab656 elementor-widget elementor-widget-text-editor\" data-id=\"1dab656\" data-element_type=\"widget\" data-widget_type=\"text-editor.default\"><div class=\"elementor-widget-container\"><div class=\"elementor-text-editor elementor-clearfix\"><p data-start=\"0\" data-end=\"335\">Maslinovo ulje koje nosi oznaku <strong>OLEUM PRIMUM DALMATICUM ULTRA VIRGIN\u00ae <\/strong>kontrolirane je visoke kvalitete i proizvodi se od bri\u017eno odabranih zdravih plodova maslina dalmatinskih sorti iz maslinika na kr\u0161kim terenima Dalmacije.<\/p><p><strong>ULTRA VIRGIN <\/strong>je neslu\u017ebena oznaka kvalitete za dalmatinsko maslinovo ulje koje dokazano i mjerljivo nadilazi kemijske i senzorne parametre koji su propisani za ekstra djevi\u010dansko maslinovo ulje.<\/p><p>U okviru tih strogo kontroliranih parametara posebna se pozornost posve\u0107uje <strong>sadr\u017eaju polifenola<\/strong>, \u010dija odgovaraju\u0107a razina omogu\u0107uje primjenu odobrene zdravstvene tvrdnje o njihovoj ulozi u za\u0161titi organizma od oksidativnog stresa. Polifenoli su bioaktivni spojevi s antioksidativnim u\u010dinkom koji su povezani s vi\u0161estrukim zdravstvenim dobrobitima (smanjuju rizik od sr\u010danih bolesti, utje\u010du na ravnote\u017eu crijevne mikrobiote itd).<\/p><p>Visoka i analizom potvr\u0111ena koncentracija polifenola dodatno potvr\u0111uje vrijednost <strong>ULTRA VIRGIN <\/strong>kvalitete u kontekstu o\u010duvanja zdravlja.<\/p><h3>Pregled kemijskih i senzornih razlika<\/h3><\/div><\/div><\/div><\/div><\/div><\/div><\/div><\/div><\/section>\t\t\t\t\t\t\t\t<\/div>\n\t\t\t\t<div class=\"elementor-element elementor-element-fe79d25 elementor-widget__width-inherit elementor-widget-mobile__width-auto elementor-widget elementor-widget-text-editor\" data-id=\"fe79d25\" data-element_type=\"widget\" data-e-type=\"widget\" data-widget_type=\"text-editor.default\">\n\t\t\t\t\t\t\t\t\t<table><tbody><tr><td width=\"163\"><strong>Parametar<\/strong><\/td><td width=\"284\"><strong>Karakteristike<\/strong><\/td><td width=\"106\"><strong>virgin<\/strong><\/td><td width=\"130\"><strong>extra virgin<\/strong><\/td><td width=\"119\"><strong>ultra virgin<\/strong><\/td><\/tr><tr><td width=\"163\">SMK \u2013 postotak slobodnih masnih kiselina<\/td><td width=\"284\">Ni\u017ea vrijednost = zdraviji plodovi, bolja svje\u017eina i kvaliteta<\/td><td width=\"106\">\u2264 2,0<\/td><td width=\"130\">\u2264 0,8<\/td><td width=\"119\"><strong>\u2264 0,4<\/strong><\/td><\/tr><tr><td width=\"163\">PB - Peroksidni broj mjereno u mEq O2\/kg<\/td><td width=\"284\"><p>Ni\u017ei PB = manje inicijalne oksidacije<\/p><p>\u2013 svje\u017eije ulje<\/p><\/td><td width=\"106\">\u2264 20<\/td><td width=\"130\">\u2264 20<\/td><td width=\"119\"><strong>\u2264 8<\/strong><\/td><\/tr><tr><td width=\"163\">Ukupni polifenoli u mg\/kg<\/td><td width=\"284\"><p>Vi\u0161i nivo antioksidansa = bolja stabilnost i za\u0161tita od oksidacije,<\/p><p>povoljniji u\u010dinak na zdravlje<\/p><\/td><td width=\"106\">No\u00a0 prescribed limit<\/td><td width=\"130\">No\u00a0 prescribed limit.<\/td><td width=\"119\"><strong>&gt; 300<\/strong><\/td><\/tr><tr><td rowspan=\"2\" width=\"163\">Senzorski profil \u2013 klju\u010dan za kvalitetu (okus, miris, arome)<\/td><td width=\"284\"><p>Vo\u0107nost, gor\u010dina, pikantnost<\/p><p>\u2013 svaka pojedina\u010dno<\/p><\/td><td width=\"106\">&gt; 0<\/td><td width=\"130\">&gt; 0<\/td><td width=\"119\"><strong>\u2265 3<\/strong><\/td><\/tr><tr><td width=\"284\">mane<\/td><td width=\"106\">\u2264 3,5<\/td><td width=\"130\">0<\/td><td width=\"119\"><strong>0<\/strong><\/td><\/tr><\/tbody><\/table>\t\t\t\t\t\t\t\t<\/div>\n\t\t\t\t<div class=\"elementor-element elementor-element-5e702bd elementor-widget elementor-widget-text-editor\" data-id=\"5e702bd\" data-element_type=\"widget\" data-e-type=\"widget\" data-widget_type=\"text-editor.default\">\n\t\t\t\t\t\t\t\t\t<p>Pored toga oznaka <strong>OLEUM PRIMUM DALMATICUM ULTRA VIRGIN\u00ae <\/strong>daje potro\u0161a\u010dima i ljubiteljima maslinovog ulja dodatne garancije kvalitete:<\/p><ul><li>Zlatna ili srebrena medalja na NYIOOC u New Yorku ili drugom svjetskom takmi\u010denju,<\/li><li>zlatna ILI srebrena medalja na No\u0107njaku ili drugom doma\u0107em takmi\u010denju<\/li><li>male serije od maksimalno 2.000 litara<\/li><\/ul><p>\u00a0<\/p><p>Vi\u0161e informacija na web-stranici: <a href=\"https:\/\/oleum-primum-ultravirgin.com\/\">https:\/\/oleum-primum-ultravirgin.com\/<\/a><\/p>\t\t\t\t\t\t\t\t<\/div>\n\t\t\t\t\t<\/div>\n\t\t<\/div>\n\t\t\t\t\t<\/div>\n\t\t<\/section>\n\t\t<div class=\"elementor-element elementor-element-272db158 e-flex e-con-boxed e-con e-parent\" data-id=\"272db158\" data-element_type=\"container\" data-e-type=\"container\">\n\t\t\t\t\t<div class=\"e-con-inner\">\n\t\t\t\t<div class=\"elementor-element elementor-element-29ea8b91 elementor-absolute e-transform elementor-hidden-tablet elementor-hidden-mobile elementor-widget elementor-widget-image\" data-id=\"29ea8b91\" data-element_type=\"widget\" data-e-type=\"widget\" data-settings=\"{&quot;_position&quot;:&quot;absolute&quot;,&quot;_transform_rotateZ_effect&quot;:{&quot;unit&quot;:&quot;px&quot;,&quot;size&quot;:232,&quot;sizes&quot;:[]},&quot;_transform_rotateZ_effect_tablet&quot;:{&quot;unit&quot;:&quot;deg&quot;,&quot;size&quot;:&quot;&quot;,&quot;sizes&quot;:[]},&quot;_transform_rotateZ_effect_mobile&quot;:{&quot;unit&quot;:&quot;deg&quot;,&quot;size&quot;:&quot;&quot;,&quot;sizes&quot;:[]}}\" data-widget_type=\"image.default\">\n\t\t\t\t\t\t\t\t\t\t\t\t\t\t\t<img decoding=\"async\" width=\"311\" height=\"286\" src=\"https:\/\/solta-oliveoil.com\/wp-content\/uploads\/2025\/04\/Nov-projekt-1.png\" class=\"attachment-large size-large wp-image-294\" alt=\"\" srcset=\"https:\/\/solta-oliveoil.com\/wp-content\/uploads\/2025\/04\/Nov-projekt-1.png 311w, https:\/\/solta-oliveoil.com\/wp-content\/uploads\/2025\/04\/Nov-projekt-1-300x276.png 300w\" sizes=\"(max-width: 311px) 100vw, 311px\" \/>\t\t\t\t\t\t\t\t\t\t\t\t\t\t\t<\/div>\n\t\t\t\t<div class=\"elementor-element elementor-element-6dc1c4bb elementor-absolute e-transform elementor-hidden-tablet elementor-hidden-mobile elementor-widget elementor-widget-image\" data-id=\"6dc1c4bb\" data-element_type=\"widget\" data-e-type=\"widget\" data-settings=\"{&quot;_position&quot;:&quot;absolute&quot;,&quot;_transform_rotateZ_effect&quot;:{&quot;unit&quot;:&quot;px&quot;,&quot;size&quot;:-21,&quot;sizes&quot;:[]},&quot;_transform_rotateZ_effect_tablet&quot;:{&quot;unit&quot;:&quot;deg&quot;,&quot;size&quot;:&quot;&quot;,&quot;sizes&quot;:[]},&quot;_transform_rotateZ_effect_mobile&quot;:{&quot;unit&quot;:&quot;deg&quot;,&quot;size&quot;:&quot;&quot;,&quot;sizes&quot;:[]}}\" data-widget_type=\"image.default\">\n\t\t\t\t\t\t\t\t\t\t\t\t\t\t\t<img decoding=\"async\" width=\"311\" height=\"286\" src=\"https:\/\/solta-oliveoil.com\/wp-content\/uploads\/2025\/04\/Nov-projekt-1.png\" class=\"attachment-large size-large wp-image-294\" alt=\"\" srcset=\"https:\/\/solta-oliveoil.com\/wp-content\/uploads\/2025\/04\/Nov-projekt-1.png 311w, https:\/\/solta-oliveoil.com\/wp-content\/uploads\/2025\/04\/Nov-projekt-1-300x276.png 300w\" sizes=\"(max-width: 311px) 100vw, 311px\" \/>\t\t\t\t\t\t\t\t\t\t\t\t\t\t\t<\/div>\n\t\t\t\t<div class=\"elementor-element elementor-element-102217a6 elementor-widget elementor-widget-heading\" data-id=\"102217a6\" data-element_type=\"widget\" data-e-type=\"widget\" data-widget_type=\"heading.default\">\n\t\t\t\t\t<h1 class=\"elementor-heading-title elementor-size-default\">\u017delite isprobati jedno od najboljih maslinovih ulja na svijetu?<\/h1>\t\t\t\t<\/div>\n\t\t\t\t<div class=\"elementor-element elementor-element-6f0125c0 elementor-widget elementor-widget-heading\" data-id=\"6f0125c0\" data-element_type=\"widget\" data-e-type=\"widget\" data-widget_type=\"heading.default\">\n\t\t\t\t\t<h1 class=\"elementor-heading-title elementor-size-default\">Posjetite na\u0161 webshop i naru\u010dite jedno od na\u0161ih vrhunskih maslinovih ulja na ku\u0107nu adresu.<\/h1>\t\t\t\t<\/div>\n\t\t\t\t<div class=\"elementor-element elementor-element-2a7fdaf elementor-align-center elementor-widget elementor-widget-button\" data-id=\"2a7fdaf\" data-element_type=\"widget\" data-e-type=\"widget\" data-widget_type=\"button.default\">\n\t\t\t\t\t\t\t\t\t\t<a class=\"elementor-button elementor-button-link elementor-size-sm\" href=\"\/hr\/shop\/\">\n\t\t\t\t\t\t<span class=\"elementor-button-content-wrapper\">\n\t\t\t\t\t\t\t\t\t<span class=\"elementor-button-text\">WEBSHOP<\/span>\n\t\t\t\t\t<\/span>\n\t\t\t\t\t<\/a>\n\t\t\t\t\t\t\t\t<\/div>\n\t\t\t\t<div class=\"elementor-element elementor-element-21738d9 elementor-widget elementor-widget-image\" data-id=\"21738d9\" data-element_type=\"widget\" data-e-type=\"widget\" data-widget_type=\"image.default\">\n\t\t\t\t\t\t\t\t\t\t\t\t\t\t\t<img decoding=\"async\" width=\"2048\" height=\"2048\" src=\"https:\/\/solta-oliveoil.com\/wp-content\/uploads\/2025\/06\/Untitled-design-2021-01-16T222544.262-2048x2048-min.png\" class=\"attachment-full size-full wp-image-429\" alt=\"\" srcset=\"https:\/\/solta-oliveoil.com\/wp-content\/uploads\/2025\/06\/Untitled-design-2021-01-16T222544.262-2048x2048-min.png 2048w, https:\/\/solta-oliveoil.com\/wp-content\/uploads\/2025\/06\/Untitled-design-2021-01-16T222544.262-2048x2048-min-300x300.png 300w, https:\/\/solta-oliveoil.com\/wp-content\/uploads\/2025\/06\/Untitled-design-2021-01-16T222544.262-2048x2048-min-1024x1024.png 1024w, https:\/\/solta-oliveoil.com\/wp-content\/uploads\/2025\/06\/Untitled-design-2021-01-16T222544.262-2048x2048-min-150x150.png 150w, https:\/\/solta-oliveoil.com\/wp-content\/uploads\/2025\/06\/Untitled-design-2021-01-16T222544.262-2048x2048-min-768x768.png 768w, https:\/\/solta-oliveoil.com\/wp-content\/uploads\/2025\/06\/Untitled-design-2021-01-16T222544.262-2048x2048-min-1536x1536.png 1536w, https:\/\/solta-oliveoil.com\/wp-content\/uploads\/2025\/06\/Untitled-design-2021-01-16T222544.262-2048x2048-min-600x600.png 600w, https:\/\/solta-oliveoil.com\/wp-content\/uploads\/2025\/06\/Untitled-design-2021-01-16T222544.262-2048x2048-min-100x100.png 100w\" sizes=\"(max-width: 2048px) 100vw, 2048px\" \/>\t\t\t\t\t\t\t\t\t\t\t\t\t\t\t<\/div>\n\t\t\t\t\t<\/div>\n\t\t\t\t<\/div>\n\t\t\t\t<\/div>","protected":false},"excerpt":{"rendered":"<p>Guarantee of excellence \u0160oltan olive oil contains no additives, spices, or oils from other fruits \u2013 it is pure juice extracted from the olive fruit. Its production is monitored by the accredited control body Biotechnicon from Split, beginning in the olive grove, overseeing the process in the mill, the storage in tanks, and finally the [&hellip;]<\/p>\n","protected":false},"author":1,"featured_media":0,"parent":0,"menu_order":0,"comment_status":"closed","ping_status":"closed","template":"elementor_header_footer","meta":{"footnotes":""},"class_list":["post-653","page","type-page","status-publish","hentry"],"_links":{"self":[{"href":"https:\/\/solta-oliveoil.com\/hr\/wp-json\/wp\/v2\/pages\/653","targetHints":{"allow":["GET"]}}],"collection":[{"href":"https:\/\/solta-oliveoil.com\/hr\/wp-json\/wp\/v2\/pages"}],"about":[{"href":"https:\/\/solta-oliveoil.com\/hr\/wp-json\/wp\/v2\/types\/page"}],"author":[{"embeddable":true,"href":"https:\/\/solta-oliveoil.com\/hr\/wp-json\/wp\/v2\/users\/1"}],"replies":[{"embeddable":true,"href":"https:\/\/solta-oliveoil.com\/hr\/wp-json\/wp\/v2\/comments?post=653"}],"version-history":[{"count":44,"href":"https:\/\/solta-oliveoil.com\/hr\/wp-json\/wp\/v2\/pages\/653\/revisions"}],"predecessor-version":[{"id":1831,"href":"https:\/\/solta-oliveoil.com\/hr\/wp-json\/wp\/v2\/pages\/653\/revisions\/1831"}],"wp:attachment":[{"href":"https:\/\/solta-oliveoil.com\/hr\/wp-json\/wp\/v2\/media?parent=653"}],"curies":[{"name":"wp","href":"https:\/\/api.w.org\/{rel}","templated":true}]}}