{"id":1027,"date":"2025-06-23T08:17:18","date_gmt":"2025-06-23T08:17:18","guid":{"rendered":"https:\/\/solta-oliveoil.com\/?post_type=product&#038;p=1027"},"modified":"2026-04-13T12:56:34","modified_gmt":"2026-04-13T12:56:34","slug":"solta-olive-oil-from-the-soltanka-variety-in-a-gift-box-100-ml","status":"publish","type":"product","link":"https:\/\/solta-oliveoil.com\/hr\/proizvod\/solta-olive-oil-from-the-soltanka-variety-in-a-gift-box-100-ml\/","title":{"rendered":"\u0160oltansko maslinovo ulje od sorte \u0160oltanka u elegantnoj poklon kutiji"},"content":{"rendered":"<p>Organsko Ultra Djevi\u010dansko - od sorte \u0160oltanka<\/p>\n<p>Ekstra djevi\u010dansko maslinovo ulje vrhunske kvalitete osvojilo je brojne nagrade na najpresti\u017enijim svjetskim natjecanjima. Progla\u0161eno je najboljim uljem na svijetu u kategoriji srednje intenzivnih ekolo\u0161kih monosortnih ulja. Odlikuje ga vo\u0107na aroma zelene jabuke, svje\u017ee trave i zelenog ploda masline.<\/p>\n<p>Svje\u017ee vo\u0107ne note u kojima dominiraju bademi, zelena raj\u010dica i biljne arome, uz zaokru\u017eenu teksturu srednje pikantnosti i ugodne gor\u010dine.<\/p>","protected":false},"excerpt":{"rendered":"<table class=\"woocommerce-product-attributes shop_attributes\">\n<tbody>\n<tr class=\"woocommerce-product-attributes-item woocommerce-product-attributes-item--weight\">\n<th class=\"woocommerce-product-attributes-item__label\">Te\u017eina<\/th>\n<td class=\"woocommerce-product-attributes-item__value\">0,33 kg<\/td>\n<\/tr>\n<tr class=\"woocommerce-product-attributes-item woocommerce-product-attributes-item--attribute_pa_velicina\">\n<th class=\"woocommerce-product-attributes-item__label\">Volumen<\/th>\n<td class=\"woocommerce-product-attributes-item__value\">100 ml<\/td>\n<\/tr>\n<\/tbody>\n<\/table>","protected":false},"featured_media":1993,"template":"","meta":[],"product_brand":[],"product_cat":[20],"product_tag":[],"class_list":{"0":"post-1027","1":"product","2":"type-product","3":"status-publish","4":"has-post-thumbnail","6":"product_cat-ekolosko-ekstra-djevicansko-maslinovo-ulje","8":"first","9":"instock","10":"shipping-taxable","11":"purchasable","12":"product-type-simple"},"_links":{"self":[{"href":"https:\/\/solta-oliveoil.com\/hr\/wp-json\/wp\/v2\/product\/1027","targetHints":{"allow":["GET"]}}],"collection":[{"href":"https:\/\/solta-oliveoil.com\/hr\/wp-json\/wp\/v2\/product"}],"about":[{"href":"https:\/\/solta-oliveoil.com\/hr\/wp-json\/wp\/v2\/types\/product"}],"wp:featuredmedia":[{"embeddable":true,"href":"https:\/\/solta-oliveoil.com\/hr\/wp-json\/wp\/v2\/media\/1993"}],"wp:attachment":[{"href":"https:\/\/solta-oliveoil.com\/hr\/wp-json\/wp\/v2\/media?parent=1027"}],"wp:term":[{"taxonomy":"product_brand","embeddable":true,"href":"https:\/\/solta-oliveoil.com\/hr\/wp-json\/wp\/v2\/product_brand?post=1027"},{"taxonomy":"product_cat","embeddable":true,"href":"https:\/\/solta-oliveoil.com\/hr\/wp-json\/wp\/v2\/product_cat?post=1027"},{"taxonomy":"product_tag","embeddable":true,"href":"https:\/\/solta-oliveoil.com\/hr\/wp-json\/wp\/v2\/product_tag?post=1027"}],"curies":[{"name":"wp","href":"https:\/\/api.w.org\/{rel}","templated":true}]}}