{"id":1922,"date":"2026-03-19T16:08:53","date_gmt":"2026-03-19T16:08:53","guid":{"rendered":"https:\/\/solta-oliveoil.com\/?post_type=product&#038;p=1922"},"modified":"2026-03-23T10:49:04","modified_gmt":"2026-03-23T10:49:04","slug":"tasting-set-2-bottles-of-0-25l-solta-olive-of-your-choice","status":"publish","type":"product","link":"https:\/\/solta-oliveoil.com\/hr\/proizvod\/tasting-set-2-bottles-of-0-25l-solta-olive-of-your-choice\/","title":{"rendered":"Degustacijski set \u2013 2 boce od 0,25 L \u0160olta Olive po va\u0161em izboru"},"content":{"rendered":"<p data-start=\"1399\" data-end=\"1691\">U\u017eivajte u autenti\u010dnom okusu \u0161oltanskog maslinovog ulja uz na\u0161 degustacijski set. Set uklju\u010duje dvije boce od 0,25 L, a kombinaciju mo\u017eete odabrati prema vlastitim \u017eeljama. Savr\u0161en za ljubitelje maslinovog ulja, kao poklon ili za ku\u0107no ku\u0161anje.<\/p>\n<p data-start=\"1693\" data-end=\"1940\">Svaka boca dolazi iz pa\u017eljivo odabranih maslinika na otoku \u0160olti, a hladno pre\u0161anje \u010duva sve arome i nutritivna svojstva maslina. Ovaj set omogu\u0107uje vam da istra\u017eite razli\u010dite okuse i otkrijete svoju omiljenu kombinaciju.<\/p>\n<p data-start=\"481\" data-end=\"510\">Pojedina\u010dno radi se ovdje o:<\/p>\n<ul data-start=\"512\" data-end=\"1253\">\n<li data-start=\"512\" data-end=\"781\">\n<p data-start=\"514\" data-end=\"781\">ekolo\u0161kom monosortnom maslinovom ulju od sorte \u0160oltanke, koje ve\u0107 vi\u0161e godina zaredom dobiva Zlatne medalje na svjetskim takmi\u010denjima New York, Tokijo, Dubai, a 2019. godine progla\u0161eno je u New Yorku najboljim ekolo\u0161kim monosortnim maslinovim uljem na svijetu!<\/p>\n<\/li>\n<li data-start=\"782\" data-end=\"980\">\n<p data-start=\"784\" data-end=\"980\">Ekolo\u0161kom maslinovom ulju od autohtonih sorti \u0160oltanka i Oblica koje je pro\u0161le godine dobilo srebrene medalje u New Yorku i u Ateni a 2021. godine dobilo je zlatnu medalju na IOOC u Italiji.<\/p>\n<\/li>\n<li data-start=\"981\" data-end=\"1253\">\n<p data-start=\"983\" data-end=\"1253\">Konvencionalnom maslinovom ulju od \u0160oltanke i Oblice koje je 2020. godine osvojilo zlatnu medalju u Dubaju, best in class award u Japanu, gdje je i progla\u0161eno najboljim hrvatskim maslinovim uljem godine. 2021. godine ponovo osvaja zlatnu medalju u Tokiju i zlatnu medalju u New Yorku.<\/p>\n<\/li>\n<\/ul>","protected":false},"excerpt":{"rendered":"<p>Otkrijte bogate okuse \u0161oltanskog maslinovog ulja uz ovaj degustacijski set od 2 boce (svaka po 0,5 L). Odaberite kombinaciju koja odgovara va\u0161em ukusu!<\/p>","protected":false},"featured_media":1925,"template":"","meta":[],"product_brand":[],"product_cat":[20],"product_tag":[],"class_list":{"0":"post-1922","1":"product","2":"type-product","3":"status-publish","4":"has-post-thumbnail","6":"product_cat-ekolosko-ekstra-djevicansko-maslinovo-ulje","8":"first","9":"instock","10":"sold-individually","11":"shipping-taxable","12":"purchasable","13":"product-type-variable"},"_links":{"self":[{"href":"https:\/\/solta-oliveoil.com\/hr\/wp-json\/wp\/v2\/product\/1922","targetHints":{"allow":["GET"]}}],"collection":[{"href":"https:\/\/solta-oliveoil.com\/hr\/wp-json\/wp\/v2\/product"}],"about":[{"href":"https:\/\/solta-oliveoil.com\/hr\/wp-json\/wp\/v2\/types\/product"}],"wp:featuredmedia":[{"embeddable":true,"href":"https:\/\/solta-oliveoil.com\/hr\/wp-json\/wp\/v2\/media\/1925"}],"wp:attachment":[{"href":"https:\/\/solta-oliveoil.com\/hr\/wp-json\/wp\/v2\/media?parent=1922"}],"wp:term":[{"taxonomy":"product_brand","embeddable":true,"href":"https:\/\/solta-oliveoil.com\/hr\/wp-json\/wp\/v2\/product_brand?post=1922"},{"taxonomy":"product_cat","embeddable":true,"href":"https:\/\/solta-oliveoil.com\/hr\/wp-json\/wp\/v2\/product_cat?post=1922"},{"taxonomy":"product_tag","embeddable":true,"href":"https:\/\/solta-oliveoil.com\/hr\/wp-json\/wp\/v2\/product_tag?post=1922"}],"curies":[{"name":"wp","href":"https:\/\/api.w.org\/{rel}","templated":true}]}}