{"id":1928,"date":"2026-03-23T11:23:31","date_gmt":"2026-03-23T11:23:31","guid":{"rendered":"https:\/\/solta-oliveoil.com\/?post_type=product&#038;p=1928"},"modified":"2026-03-23T11:23:36","modified_gmt":"2026-03-23T11:23:36","slug":"premium-solta-extra-virgin-olive-oil-set-3-x-0-25-l-on-plexiglass-stand","status":"publish","type":"product","link":"https:\/\/solta-oliveoil.com\/hr\/proizvod\/premium-solta-extra-virgin-olive-oil-set-3-x-0-25-l-on-plexiglass-stand\/","title":{"rendered":"Premium set \u0161oltanskih ekstra djevi\u010danskih maslinovih ulja \u2013 3 x 0,25 L na stalku od pleksiglasa"},"content":{"rendered":"<p data-start=\"650\" data-end=\"847\">Do\u017eivite autenti\u010dan okus otoka \u0160olte kroz ovaj premium set od tri pa\u017eljivo odabrana ekstra djevi\u010danska maslinova ulja koja predstavljaju bogatstvo i raznolikost autohtonih sorti.<\/p>\n<p data-start=\"849\" data-end=\"1064\">Sva ulja nose oznaku izvornosti koja jam\u010di da su masline uzgojene, prera\u0111ene i punjene isklju\u010divo na otoku \u0160olti, uz po\u0161tivanje strogih standarda kvalitete i tradicionalne proizvodnje.<\/p>\n<p data-start=\"1066\" data-end=\"1084\">Set uklju\u010duje:<\/p>\n<ul data-start=\"1085\" data-end=\"1412\">\n<li data-section-id=\"gymfj1\" data-start=\"1085\" data-end=\"1213\">ekolo\u0161ko monosortno maslinovo ulje od sorte \u0160oltanka, vi\u0161estruko nagra\u0111ivano na me\u0111unarodnim natjecanjima<\/li>\n<li data-section-id=\"164uxa4\" data-start=\"1214\" data-end=\"1308\">ekolo\u0161ku mje\u0161avinu autohtonih sorti \u0160oltanka i Oblica, uravnote\u017eenog i kompleksnog okusa<\/li>\n<li data-section-id=\"1gzro2z\" data-start=\"1309\" data-end=\"1412\">vrhunsko maslinovo ulje od \u0160oltanke i Oblice, prepoznatljivo po punom karakteru i brojnim svjetskim nagradama<\/li>\n<\/ul>\n<p data-start=\"1414\" data-end=\"1596\">Stalak od pleksiglasa omogu\u0107uje elegantnu prezentaciju na stolu, \u010dine\u0107i ovaj proizvod idealnim za vrhunsku gastronomiju, poklon ili sofisticirano ku\u0107no u\u017eivanje.<\/p>","protected":false},"excerpt":{"rendered":"<p>Premium set od tri nagra\u0111ivana \u0161oltanska ekstra djevi\u010danska maslinova ulja na elegantnom stalku od pleksiglasa \u2013 savr\u0161eno za restorane, gurmane i poklon.<\/p>","protected":false},"featured_media":1929,"template":"","meta":[],"product_brand":[],"product_cat":[20],"product_tag":[],"class_list":{"0":"post-1928","1":"product","2":"type-product","3":"status-publish","4":"has-post-thumbnail","6":"product_cat-ekolosko-ekstra-djevicansko-maslinovo-ulje","8":"first","9":"instock","10":"shipping-taxable","11":"purchasable","12":"product-type-simple"},"_links":{"self":[{"href":"https:\/\/solta-oliveoil.com\/hr\/wp-json\/wp\/v2\/product\/1928","targetHints":{"allow":["GET"]}}],"collection":[{"href":"https:\/\/solta-oliveoil.com\/hr\/wp-json\/wp\/v2\/product"}],"about":[{"href":"https:\/\/solta-oliveoil.com\/hr\/wp-json\/wp\/v2\/types\/product"}],"wp:featuredmedia":[{"embeddable":true,"href":"https:\/\/solta-oliveoil.com\/hr\/wp-json\/wp\/v2\/media\/1929"}],"wp:attachment":[{"href":"https:\/\/solta-oliveoil.com\/hr\/wp-json\/wp\/v2\/media?parent=1928"}],"wp:term":[{"taxonomy":"product_brand","embeddable":true,"href":"https:\/\/solta-oliveoil.com\/hr\/wp-json\/wp\/v2\/product_brand?post=1928"},{"taxonomy":"product_cat","embeddable":true,"href":"https:\/\/solta-oliveoil.com\/hr\/wp-json\/wp\/v2\/product_cat?post=1928"},{"taxonomy":"product_tag","embeddable":true,"href":"https:\/\/solta-oliveoil.com\/hr\/wp-json\/wp\/v2\/product_tag?post=1928"}],"curies":[{"name":"wp","href":"https:\/\/api.w.org\/{rel}","templated":true}]}}