{"id":339,"date":"2025-04-21T12:19:25","date_gmt":"2025-04-21T12:19:25","guid":{"rendered":"https:\/\/solta-oliveoil.com\/?post_type=product&#038;p=339"},"modified":"2026-03-23T11:09:59","modified_gmt":"2026-03-23T11:09:59","slug":"poklon-paket-sa-3-soltanska-premium-maslinova-ulja","status":"publish","type":"product","link":"https:\/\/solta-oliveoil.com\/hr\/proizvod\/poklon-paket-sa-3-soltanska-premium-maslinova-ulja\/","title":{"rendered":"Poklon paket sa 3 \u0161oltanska premium maslinova ulja"},"content":{"rendered":"<p data-start=\"86\" data-end=\"479\">Sva tri ulja za\u0161ti\u0107ena su oznakom izvornosti, \u0161to potro\u0161a\u010dima jam\u010di da su masline uzgojene na \u0160olti, prera\u0111ene u uljari na \u0160olti, kemijski i senzorski ispitane kako bi zadovoljile stroge kriterije specifikacije te na kraju i punjene na otoku. Samo takva ulja smiju napustiti \u0160oltu!<\/p>\n<p data-start=\"481\" data-end=\"510\">Pojedina\u010dno radi se ovdje o:<\/p>\n<ul data-start=\"512\" data-end=\"1253\">\n<li data-start=\"512\" data-end=\"781\">\n<p data-start=\"514\" data-end=\"781\">ekolo\u0161kom monosortnom maslinovom ulju od sorte \u0160oltanke, koje ve\u0107 vi\u0161e godina zaredom dobiva Zlatne medalje na svjetskim takmi\u010denjima New York, Tokijo, Dubai, a 2019. godine progla\u0161eno je u New Yorku najboljim ekolo\u0161kim monosortnim maslinovim uljem na svijetu!<\/p>\n<\/li>\n<li data-start=\"782\" data-end=\"980\">\n<p data-start=\"784\" data-end=\"980\">Ekolo\u0161kom maslinovom ulju od autohtonih sorti \u0160oltanka i Oblica koje je pro\u0161le godine dobilo srebrene medalje u New Yorku i u Ateni a 2021. godine dobilo je zlatnu medalju na IOOC u Italiji.<\/p>\n<\/li>\n<li data-start=\"981\" data-end=\"1253\">\n<p data-start=\"983\" data-end=\"1253\">Konvencionalnom maslinovom ulju od \u0160oltanke i Oblice koje je 2020. godine osvojilo zlatnu medalju u Dubaju, best in class award u Japanu, gdje je i progla\u0161eno najboljim hrvatskim maslinovim uljem godine. 2021. godine ponovo osvaja zlatnu medalju u Tokiju i zlatnu medalju u New Yorku.<\/p>\n<\/li>\n<\/ul>","protected":false},"excerpt":{"rendered":"<p>Odaberite izme\u0111u monosortnog maslinovog ulja od sorte \u0160oltanka, mje\u0161avine autohtonih sorti \u0160oltanka i Oblica ili ekolo\u0161kog maslinovog ulja od sorte Oblica. Sva ulja su nagra\u0111ivana i sadr\u017ee visoku razinu polifenola koji doprinose zdravlju. Tri ulja dolaze u elegantnoj crnoj poklon kutiji, a knji\u017eica sa svim informacijama nalazi se u poklopcu kutije.<\/p>","protected":false},"featured_media":1627,"template":"","meta":[],"product_brand":[],"product_cat":[20],"product_tag":[],"class_list":{"0":"post-339","1":"product","2":"type-product","3":"status-publish","4":"has-post-thumbnail","6":"product_cat-ekolosko-ekstra-djevicansko-maslinovo-ulje","8":"first","9":"instock","10":"shipping-taxable","11":"purchasable","12":"product-type-simple"},"_links":{"self":[{"href":"https:\/\/solta-oliveoil.com\/hr\/wp-json\/wp\/v2\/product\/339","targetHints":{"allow":["GET"]}}],"collection":[{"href":"https:\/\/solta-oliveoil.com\/hr\/wp-json\/wp\/v2\/product"}],"about":[{"href":"https:\/\/solta-oliveoil.com\/hr\/wp-json\/wp\/v2\/types\/product"}],"wp:featuredmedia":[{"embeddable":true,"href":"https:\/\/solta-oliveoil.com\/hr\/wp-json\/wp\/v2\/media\/1627"}],"wp:attachment":[{"href":"https:\/\/solta-oliveoil.com\/hr\/wp-json\/wp\/v2\/media?parent=339"}],"wp:term":[{"taxonomy":"product_brand","embeddable":true,"href":"https:\/\/solta-oliveoil.com\/hr\/wp-json\/wp\/v2\/product_brand?post=339"},{"taxonomy":"product_cat","embeddable":true,"href":"https:\/\/solta-oliveoil.com\/hr\/wp-json\/wp\/v2\/product_cat?post=339"},{"taxonomy":"product_tag","embeddable":true,"href":"https:\/\/solta-oliveoil.com\/hr\/wp-json\/wp\/v2\/product_tag?post=339"}],"curies":[{"name":"wp","href":"https:\/\/api.w.org\/{rel}","templated":true}]}}